{"id":10038,"date":"2024-10-08T06:38:35","date_gmt":"2024-10-08T06:38:35","guid":{"rendered":"https:\/\/gugadzina.rs\/?post_type=product&#038;p=10038"},"modified":"2025-01-13T09:55:22","modified_gmt":"2025-01-13T09:55:22","slug":"rajf-vestica-veca","status":"publish","type":"product","link":"https:\/\/gugadzina.rs\/en\/prodavnica\/aksesoari\/aksesoari-za-kosu\/rajf-vestica-veca\/","title":{"rendered":"Rajf pli\u0161ana Ve\u0161tica"},"content":{"rendered":"<p><strong>Rajf &#8220;Pli\u0161ana Ve\u0161tica&#8221;<\/strong> \u2013 Ovaj rajf je savr\u0161en za stvaranje magi\u010dnog izgleda! Izra\u0111en je od kombinovanih materijala koji pru\u017eaju udobnost i dugotrajnost, dok pli\u0161ani detalji dodaju posebnu dozu \u0161arma. Idealan je za maskenbale, zabave i sve kreativne igre, uz naglasak na ekolo\u0161ki odgovornu proizvodnju.<\/p>\n<p>Savr\u0161en dodatak za mali\u0161ane, uz po\u0161tovanje principa odr\u017eivosti i smanjenje otpada!<\/p>\n","protected":false},"excerpt":{"rendered":"<p>Rajf &#8220;Pli\u0161ana Ve\u0161tica&#8221; \u2013 Ovaj rajf je savr\u0161en za stvaranje magi\u010dnog izgleda! Izra\u0111en je od kombinovanih materijala koji pru\u017eaju udobnost i dugotrajnost, dok pli\u0161ani detalji dodaju posebnu dozu \u0161arma. Idealan je za maskenbale, zabave i sve kreativne igre, uz naglasak na ekolo\u0161ki odgovornu proizvodnju. Savr\u0161en dodatak za mali\u0161ane, uz po\u0161tovanje principa odr\u017eivosti i smanjenje otpada!<\/p>\n","protected":false},"featured_media":35757,"comment_status":"closed","ping_status":"closed","template":"","meta":[],"product_brand":[],"product_cat":[18,63,21],"product_tag":[240,242,156],"class_list":{"0":"post-10038","1":"product","2":"type-product","3":"status-publish","4":"has-post-thumbnail","6":"product_cat-aksesoari","7":"product_cat-aksesoari-za-kosu","8":"product_cat-oprema-za-maskenbale","9":"product_tag-masenbal","10":"product_tag-rajf","11":"product_tag-vestica","13":"first","14":"instock","15":"shipping-taxable","16":"purchasable","17":"product-type-simple"},"_links":{"self":[{"href":"https:\/\/gugadzina.rs\/en\/wp-json\/wp\/v2\/product\/10038","targetHints":{"allow":["GET"]}}],"collection":[{"href":"https:\/\/gugadzina.rs\/en\/wp-json\/wp\/v2\/product"}],"about":[{"href":"https:\/\/gugadzina.rs\/en\/wp-json\/wp\/v2\/types\/product"}],"replies":[{"embeddable":true,"href":"https:\/\/gugadzina.rs\/en\/wp-json\/wp\/v2\/comments?post=10038"}],"wp:featuredmedia":[{"embeddable":true,"href":"https:\/\/gugadzina.rs\/en\/wp-json\/wp\/v2\/media\/35757"}],"wp:attachment":[{"href":"https:\/\/gugadzina.rs\/en\/wp-json\/wp\/v2\/media?parent=10038"}],"wp:term":[{"taxonomy":"product_brand","embeddable":true,"href":"https:\/\/gugadzina.rs\/en\/wp-json\/wp\/v2\/product_brand?post=10038"},{"taxonomy":"product_cat","embeddable":true,"href":"https:\/\/gugadzina.rs\/en\/wp-json\/wp\/v2\/product_cat?post=10038"},{"taxonomy":"product_tag","embeddable":true,"href":"https:\/\/gugadzina.rs\/en\/wp-json\/wp\/v2\/product_tag?post=10038"}],"curies":[{"name":"wp","href":"https:\/\/api.w.org\/{rel}","templated":true}]}}