{"id":10252,"date":"2023-08-25T06:44:50","date_gmt":"2023-08-25T06:44:50","guid":{"rendered":"https:\/\/gugadzina.rs\/?post_type=product&#038;p=10252"},"modified":"2024-12-30T14:26:26","modified_gmt":"2024-12-30T14:26:26","slug":"ogrtac-latica","status":"publish","type":"product","link":"https:\/\/gugadzina.rs\/en\/prodavnica\/aksesoari\/ogrtac-latica\/","title":{"rendered":"Ogrta\u010d Latica"},"content":{"rendered":"<p>Ogrta\u010d Latica<\/p>\n<p>Materijal: Kombinovani materijali<\/p>\n<p>Namenjeno da se nosi kao dodatak kostimu kao ogrta\u010d ili dopuna za suknjicu.<\/p>\n<p>Mo\u017ee se nositi sa dva lica!<\/p>\n<p>&nbsp;<\/p>\n","protected":false},"excerpt":{"rendered":"<p>Ogrta\u010d Latica Materijal: Kombinovani materijali Namenjeno da se nosi kao dodatak kostimu kao ogrta\u010d ili dopuna za suknjicu. Mo\u017ee se nositi sa dva lica! &nbsp;<\/p>\n","protected":false},"featured_media":10352,"comment_status":"open","ping_status":"closed","template":"","meta":[],"product_brand":[],"product_cat":[18,21,292],"product_tag":[243,153,261],"class_list":{"0":"post-10252","1":"product","2":"type-product","3":"status-publish","4":"has-post-thumbnail","6":"product_cat-aksesoari","7":"product_cat-oprema-za-maskenbale","8":"product_cat-snizenje","9":"product_tag-carobnjak","10":"product_tag-oprema-za-maskembal","11":"product_tag-plast","13":"first","14":"instock","15":"sale","16":"shipping-taxable","17":"purchasable","18":"product-type-simple"},"_links":{"self":[{"href":"https:\/\/gugadzina.rs\/en\/wp-json\/wp\/v2\/product\/10252","targetHints":{"allow":["GET"]}}],"collection":[{"href":"https:\/\/gugadzina.rs\/en\/wp-json\/wp\/v2\/product"}],"about":[{"href":"https:\/\/gugadzina.rs\/en\/wp-json\/wp\/v2\/types\/product"}],"replies":[{"embeddable":true,"href":"https:\/\/gugadzina.rs\/en\/wp-json\/wp\/v2\/comments?post=10252"}],"wp:featuredmedia":[{"embeddable":true,"href":"https:\/\/gugadzina.rs\/en\/wp-json\/wp\/v2\/media\/10352"}],"wp:attachment":[{"href":"https:\/\/gugadzina.rs\/en\/wp-json\/wp\/v2\/media?parent=10252"}],"wp:term":[{"taxonomy":"product_brand","embeddable":true,"href":"https:\/\/gugadzina.rs\/en\/wp-json\/wp\/v2\/product_brand?post=10252"},{"taxonomy":"product_cat","embeddable":true,"href":"https:\/\/gugadzina.rs\/en\/wp-json\/wp\/v2\/product_cat?post=10252"},{"taxonomy":"product_tag","embeddable":true,"href":"https:\/\/gugadzina.rs\/en\/wp-json\/wp\/v2\/product_tag?post=10252"}],"curies":[{"name":"wp","href":"https:\/\/api.w.org\/{rel}","templated":true}]}}