{"id":10459,"date":"2023-08-18T06:48:51","date_gmt":"2023-08-18T06:48:51","guid":{"rendered":"https:\/\/gugadzina.rs\/?post_type=product&#038;p=10459"},"modified":"2025-01-29T09:29:29","modified_gmt":"2025-01-29T09:29:29","slug":"bedz-willimon-carapa","status":"publish","type":"product","link":"https:\/\/gugadzina.rs\/en\/prodavnica\/aksesoari\/ostalo\/bedz-willimon-carapa\/","title":{"rendered":"Bed\u017e Willimon \u010carapa"},"content":{"rendered":"<p>Bed\u017e Willimon \u010carapa<\/p>\n<p>pre\u010dnik\u00a0 5,5cm<\/p>\n<p>Materijal: Kombinovani materijali ( papir, metal,pvc)<\/p>\n<p>Slika iz ciklusa\u00a0DEMINUTIVI Biljane Willimon<\/p>\n","protected":false},"excerpt":{"rendered":"<p>Bed\u017e Willimon \u010carapa pre\u010dnik\u00a0 5,5cm Materijal: Kombinovani materijali ( papir, metal,pvc) Slika iz ciklusa\u00a0DEMINUTIVI Biljane Willimon<\/p>\n","protected":false},"featured_media":10603,"comment_status":"open","ping_status":"closed","template":"","meta":[],"product_brand":[],"product_cat":[18,111,22],"product_tag":[165,166,286,120],"class_list":{"0":"post-10459","1":"product","2":"type-product","3":"status-publish","4":"has-post-thumbnail","6":"product_cat-aksesoari","7":"product_cat-drugari","8":"product_cat-ostalo","9":"product_tag-bedz","10":"product_tag-bedzevi","11":"product_tag-deminutivi","12":"product_tag-willimon","14":"first","15":"instock","16":"shipping-taxable","17":"purchasable","18":"product-type-simple"},"_links":{"self":[{"href":"https:\/\/gugadzina.rs\/en\/wp-json\/wp\/v2\/product\/10459","targetHints":{"allow":["GET"]}}],"collection":[{"href":"https:\/\/gugadzina.rs\/en\/wp-json\/wp\/v2\/product"}],"about":[{"href":"https:\/\/gugadzina.rs\/en\/wp-json\/wp\/v2\/types\/product"}],"replies":[{"embeddable":true,"href":"https:\/\/gugadzina.rs\/en\/wp-json\/wp\/v2\/comments?post=10459"}],"wp:featuredmedia":[{"embeddable":true,"href":"https:\/\/gugadzina.rs\/en\/wp-json\/wp\/v2\/media\/10603"}],"wp:attachment":[{"href":"https:\/\/gugadzina.rs\/en\/wp-json\/wp\/v2\/media?parent=10459"}],"wp:term":[{"taxonomy":"product_brand","embeddable":true,"href":"https:\/\/gugadzina.rs\/en\/wp-json\/wp\/v2\/product_brand?post=10459"},{"taxonomy":"product_cat","embeddable":true,"href":"https:\/\/gugadzina.rs\/en\/wp-json\/wp\/v2\/product_cat?post=10459"},{"taxonomy":"product_tag","embeddable":true,"href":"https:\/\/gugadzina.rs\/en\/wp-json\/wp\/v2\/product_tag?post=10459"}],"curies":[{"name":"wp","href":"https:\/\/api.w.org\/{rel}","templated":true}]}}