{"id":10602,"date":"2024-03-18T10:51:03","date_gmt":"2024-03-18T10:51:03","guid":{"rendered":"https:\/\/gugadzina.rs\/?post_type=product&#038;p=10602"},"modified":"2024-12-09T16:21:58","modified_gmt":"2024-12-09T16:21:58","slug":"leptir-masna-zekina","status":"publish","type":"product","link":"https:\/\/gugadzina.rs\/en\/prodavnica\/aksesoari\/ostalo\/leptir-masna-zekina\/","title":{"rendered":"Leptir ma\u0161na Zekina"},"content":{"rendered":"<p style=\"text-align: left;\">Leptir ma\u0161na Zekina<\/p>\n<p>Materijal: 100% pamuk<\/p>\n<p>Veli\u010dina ma\u0161ne 13cm<\/p>\n<p>Obim 39cm, 36cm i 33cm<\/p>\n","protected":false},"excerpt":{"rendered":"<p>Leptir ma\u0161na Zekina Materijal: 100% pamuk Veli\u010dina ma\u0161ne 13cm Obim 39cm, 36cm i 33cm<\/p>\n","protected":false},"featured_media":10726,"comment_status":"open","ping_status":"closed","template":"","meta":[],"product_brand":[],"product_cat":[18,21,22,292],"product_tag":[304,240,241,189],"class_list":{"0":"post-10602","1":"product","2":"type-product","3":"status-publish","4":"has-post-thumbnail","6":"product_cat-aksesoari","7":"product_cat-oprema-za-maskenbale","8":"product_cat-ostalo","9":"product_cat-snizenje","10":"product_tag-leptir-masna","11":"product_tag-masenbal","12":"product_tag-nova-godina","13":"product_tag-zeka","15":"first","16":"instock","17":"sale","18":"shipping-taxable","19":"purchasable","20":"product-type-simple"},"_links":{"self":[{"href":"https:\/\/gugadzina.rs\/en\/wp-json\/wp\/v2\/product\/10602","targetHints":{"allow":["GET"]}}],"collection":[{"href":"https:\/\/gugadzina.rs\/en\/wp-json\/wp\/v2\/product"}],"about":[{"href":"https:\/\/gugadzina.rs\/en\/wp-json\/wp\/v2\/types\/product"}],"replies":[{"embeddable":true,"href":"https:\/\/gugadzina.rs\/en\/wp-json\/wp\/v2\/comments?post=10602"}],"wp:featuredmedia":[{"embeddable":true,"href":"https:\/\/gugadzina.rs\/en\/wp-json\/wp\/v2\/media\/10726"}],"wp:attachment":[{"href":"https:\/\/gugadzina.rs\/en\/wp-json\/wp\/v2\/media?parent=10602"}],"wp:term":[{"taxonomy":"product_brand","embeddable":true,"href":"https:\/\/gugadzina.rs\/en\/wp-json\/wp\/v2\/product_brand?post=10602"},{"taxonomy":"product_cat","embeddable":true,"href":"https:\/\/gugadzina.rs\/en\/wp-json\/wp\/v2\/product_cat?post=10602"},{"taxonomy":"product_tag","embeddable":true,"href":"https:\/\/gugadzina.rs\/en\/wp-json\/wp\/v2\/product_tag?post=10602"}],"curies":[{"name":"wp","href":"https:\/\/api.w.org\/{rel}","templated":true}]}}