{"id":30770,"date":"2024-10-08T09:52:43","date_gmt":"2024-10-08T09:52:43","guid":{"rendered":"https:\/\/gugadzina.rs\/?post_type=product&#038;p=30770"},"modified":"2025-12-22T14:37:55","modified_gmt":"2025-12-22T14:37:55","slug":"maska-macka","status":"publish","type":"product","link":"https:\/\/gugadzina.rs\/en\/prodavnica\/oprema-za-maskenbale\/maska-macka\/","title":{"rendered":"Maska Ma\u010dka"},"content":{"rendered":"<p><strong>Maska &#8220;Ma\u010dka&#8221;<\/strong> \u2013 Ova maska je izra\u0111ena od odr\u017eivih materijala, kombinacije poliestera, viskoze i elastina, koji ne samo da pru\u017eaju udobnost i dugotrajan fit, ve\u0107 su deo na\u0161e misije nulte otpada. Svaki deo je pa\u017eljivo dizajniran s ciljem smanjenja uticaja na \u017eivotnu sredinu. Univerzalna veli\u010dina omogu\u0107ava savr\u0161en fit za sve, a ma\u010dji dizajn dodaje dozu magije svakom maskenbalu ili kreativnoj igri.<\/p>\n<p>Idealna za maskenbale, zabave ili kreativne igre, uz po\u0161tovanje ekolo\u0161kih principa i odr\u017eivosti!<\/p>\n<p>&nbsp;<\/p>\n","protected":false},"excerpt":{"rendered":"<p>Maska &#8220;Ma\u010dka&#8221; \u2013 Ova maska je izra\u0111ena od odr\u017eivih materijala, kombinacije poliestera, viskoze i elastina, koji ne samo da pru\u017eaju udobnost i dugotrajan fit, ve\u0107 su deo na\u0161e misije nulte otpada. Svaki deo je pa\u017eljivo dizajniran s ciljem smanjenja uticaja na \u017eivotnu sredinu. Univerzalna veli\u010dina omogu\u0107ava savr\u0161en fit za sve, a ma\u010dji dizajn dodaje dozu [&hellip;]<\/p>\n","protected":false},"featured_media":30751,"comment_status":"closed","ping_status":"closed","template":"","meta":[],"product_brand":[],"product_cat":[21,18,22,292],"product_tag":[],"class_list":{"0":"post-30770","1":"product","2":"type-product","3":"status-publish","4":"has-post-thumbnail","6":"product_cat-oprema-za-maskenbale","7":"product_cat-aksesoari","8":"product_cat-ostalo","9":"product_cat-snizenje","11":"first","12":"instock","13":"sale","14":"shipping-taxable","15":"purchasable","16":"product-type-simple"},"_links":{"self":[{"href":"https:\/\/gugadzina.rs\/en\/wp-json\/wp\/v2\/product\/30770","targetHints":{"allow":["GET"]}}],"collection":[{"href":"https:\/\/gugadzina.rs\/en\/wp-json\/wp\/v2\/product"}],"about":[{"href":"https:\/\/gugadzina.rs\/en\/wp-json\/wp\/v2\/types\/product"}],"replies":[{"embeddable":true,"href":"https:\/\/gugadzina.rs\/en\/wp-json\/wp\/v2\/comments?post=30770"}],"wp:featuredmedia":[{"embeddable":true,"href":"https:\/\/gugadzina.rs\/en\/wp-json\/wp\/v2\/media\/30751"}],"wp:attachment":[{"href":"https:\/\/gugadzina.rs\/en\/wp-json\/wp\/v2\/media?parent=30770"}],"wp:term":[{"taxonomy":"product_brand","embeddable":true,"href":"https:\/\/gugadzina.rs\/en\/wp-json\/wp\/v2\/product_brand?post=30770"},{"taxonomy":"product_cat","embeddable":true,"href":"https:\/\/gugadzina.rs\/en\/wp-json\/wp\/v2\/product_cat?post=30770"},{"taxonomy":"product_tag","embeddable":true,"href":"https:\/\/gugadzina.rs\/en\/wp-json\/wp\/v2\/product_tag?post=30770"}],"curies":[{"name":"wp","href":"https:\/\/api.w.org\/{rel}","templated":true}]}}