{"id":33914,"date":"2025-11-12T09:31:25","date_gmt":"2025-11-12T09:31:25","guid":{"rendered":"https:\/\/gugadzina.rs\/?post_type=product&#038;p=33914"},"modified":"2026-04-27T10:31:51","modified_gmt":"2026-04-27T10:31:51","slug":"torbicaklovn","status":"publish","type":"product","link":"https:\/\/gugadzina.rs\/en\/prodavnica\/aksesoari\/torbe\/torbicaklovn\/","title":{"rendered":"Torbica Klovn"},"content":{"rendered":"<p data-start=\"0\" data-end=\"236\"><strong data-start=\"0\" data-end=\"20\">Torbica Klovn\u00a0<\/strong><br data-start=\"20\" data-end=\"23\" \/>Za one koji vole da ma\u0161ta bude deo svakog izlaska iz ku\u0107e, bilo da imaju tri, trinaest ili trideset tri godine.<br data-start=\"135\" data-end=\"138\" \/>Ova torbica je napravljena da nasmeje, da sa\u010duva sitnice i da podseti da igra nikad ne prestaje.<\/p>\n<p data-start=\"238\" data-end=\"541\">Izra\u0111ena je od <strong data-start=\"253\" data-end=\"278\">mekog ve\u0161ta\u010dkog krzna<\/strong> u kombinaciji sa razigranim detaljima, <strong data-start=\"319\" data-end=\"355\">aplikacijom u obliku lica klovna<\/strong>, sa kapicom i dugmadima kao okicama. <strong data-start=\"417\" data-end=\"457\">Lasti\u0161-kai\u0161 pode\u0161ava se pomo\u0107u kop\u010de<\/strong>, pa torbicu mogu nositi <strong data-start=\"482\" data-end=\"502\">i deca i odrasli<\/strong>, oko struka, preko ramena ili ukoso.<\/p>\n<p data-start=\"543\" data-end=\"686\">Dovoljno mala za <strong data-start=\"560\" data-end=\"622\">klju\u010deve, slu\u0161alice, blago iz d\u017eepa ili omiljenu igra\u010dkicu<\/strong>, a dovoljno karakteristi\u010dna da postane <strong data-start=\"662\" data-end=\"683\">li\u010dni modni pe\u010dat<\/strong>.<\/p>\n<p data-start=\"688\" data-end=\"838\" data-is-last-node=\"\" data-is-only-node=\"\">Svaka torbica izra\u0111ena je <strong data-start=\"714\" data-end=\"738\">u ograni\u010denoj seriji<\/strong>, od <strong data-start=\"743\" data-end=\"770\">kombinovanih materijala<\/strong> koji su spaseni od zaborava i pretvoreni u ne\u0161to \u0161to budi osmeh.<\/p>\n<p>Dimenzije torbice 17&#215;12 cm<\/p>\n<p>&nbsp;<\/p>\n","protected":false},"excerpt":{"rendered":"<p>Torbica Klovn\u00a0Za one koji vole da ma\u0161ta bude deo svakog izlaska iz ku\u0107e, bilo da imaju tri, trinaest ili trideset tri godine.Ova torbica je napravljena da nasmeje, da sa\u010duva sitnice i da podseti da igra nikad ne prestaje. Izra\u0111ena je od mekog ve\u0161ta\u010dkog krzna u kombinaciji sa razigranim detaljima, aplikacijom u obliku lica klovna, sa [&hellip;]<\/p>\n","protected":false},"featured_media":38059,"comment_status":"closed","ping_status":"closed","template":"","meta":[],"product_brand":[],"product_cat":[18,20,29],"product_tag":[262,285,164],"class_list":{"0":"post-33914","1":"product","2":"type-product","3":"status-publish","4":"has-post-thumbnail","6":"product_cat-aksesoari","7":"product_cat-devojcice","8":"product_cat-torbe","9":"product_tag-cupavac","10":"product_tag-pile","11":"product_tag-torbica","13":"first","14":"instock","15":"shipping-taxable","16":"purchasable","17":"product-type-simple"},"_links":{"self":[{"href":"https:\/\/gugadzina.rs\/en\/wp-json\/wp\/v2\/product\/33914","targetHints":{"allow":["GET"]}}],"collection":[{"href":"https:\/\/gugadzina.rs\/en\/wp-json\/wp\/v2\/product"}],"about":[{"href":"https:\/\/gugadzina.rs\/en\/wp-json\/wp\/v2\/types\/product"}],"replies":[{"embeddable":true,"href":"https:\/\/gugadzina.rs\/en\/wp-json\/wp\/v2\/comments?post=33914"}],"wp:featuredmedia":[{"embeddable":true,"href":"https:\/\/gugadzina.rs\/en\/wp-json\/wp\/v2\/media\/38059"}],"wp:attachment":[{"href":"https:\/\/gugadzina.rs\/en\/wp-json\/wp\/v2\/media?parent=33914"}],"wp:term":[{"taxonomy":"product_brand","embeddable":true,"href":"https:\/\/gugadzina.rs\/en\/wp-json\/wp\/v2\/product_brand?post=33914"},{"taxonomy":"product_cat","embeddable":true,"href":"https:\/\/gugadzina.rs\/en\/wp-json\/wp\/v2\/product_cat?post=33914"},{"taxonomy":"product_tag","embeddable":true,"href":"https:\/\/gugadzina.rs\/en\/wp-json\/wp\/v2\/product_tag?post=33914"}],"curies":[{"name":"wp","href":"https:\/\/api.w.org\/{rel}","templated":true}]}}