{"id":33924,"date":"2025-01-16T17:52:47","date_gmt":"2025-01-16T17:52:47","guid":{"rendered":"https:\/\/gugadzina.rs\/?post_type=product&#038;p=33924"},"modified":"2026-03-13T11:51:38","modified_gmt":"2026-03-13T11:51:38","slug":"salkapa-crvenkapa","status":"publish","type":"product","link":"https:\/\/gugadzina.rs\/en\/prodavnica\/aksesoari\/kape-i-sesiri\/salkapa-crvenkapa\/","title":{"rendered":"\u0160alkapa Crvenkapa"},"content":{"rendered":"<p>\u0160alkapa Crvenkapa<\/p>\n<p>Materijal: Lice akrilna pletenina.<\/p>\n<p>Postava 92% pamuk 8% elastin<\/p>\n<p>Bu\u0107ka na svakoj kapi je ru\u010dno pravljena od ostatka materijala, kako ne bi zavr\u0161io na nekoj deponiji.<\/p>\n<p>\u010cuvajmo prirodu zajedno!<\/p>\n","protected":false},"excerpt":{"rendered":"<p>\u0160alkapa Crvenkapa Materijal: Lice akrilna pletenina. Postava 92% pamuk 8% elastin Bu\u0107ka na svakoj kapi je ru\u010dno pravljena od ostatka materijala, kako ne bi zavr\u0161io na nekoj deponiji. \u010cuvajmo prirodu zajedno!<\/p>\n","protected":false},"featured_media":33932,"comment_status":"closed","ping_status":"closed","template":"","meta":[],"product_brand":[],"product_cat":[18,20,70,292],"product_tag":[],"class_list":{"0":"post-33924","1":"product","2":"type-product","3":"status-publish","4":"has-post-thumbnail","6":"product_cat-aksesoari","7":"product_cat-devojcice","8":"product_cat-kape-i-sesiri","9":"product_cat-snizenje","11":"first","12":"instock","13":"sale","14":"shipping-taxable","15":"purchasable","16":"product-type-variable","17":"wvs-archive-product-wrapper"},"_links":{"self":[{"href":"https:\/\/gugadzina.rs\/en\/wp-json\/wp\/v2\/product\/33924","targetHints":{"allow":["GET"]}}],"collection":[{"href":"https:\/\/gugadzina.rs\/en\/wp-json\/wp\/v2\/product"}],"about":[{"href":"https:\/\/gugadzina.rs\/en\/wp-json\/wp\/v2\/types\/product"}],"replies":[{"embeddable":true,"href":"https:\/\/gugadzina.rs\/en\/wp-json\/wp\/v2\/comments?post=33924"}],"wp:featuredmedia":[{"embeddable":true,"href":"https:\/\/gugadzina.rs\/en\/wp-json\/wp\/v2\/media\/33932"}],"wp:attachment":[{"href":"https:\/\/gugadzina.rs\/en\/wp-json\/wp\/v2\/media?parent=33924"}],"wp:term":[{"taxonomy":"product_brand","embeddable":true,"href":"https:\/\/gugadzina.rs\/en\/wp-json\/wp\/v2\/product_brand?post=33924"},{"taxonomy":"product_cat","embeddable":true,"href":"https:\/\/gugadzina.rs\/en\/wp-json\/wp\/v2\/product_cat?post=33924"},{"taxonomy":"product_tag","embeddable":true,"href":"https:\/\/gugadzina.rs\/en\/wp-json\/wp\/v2\/product_tag?post=33924"}],"curies":[{"name":"wp","href":"https:\/\/api.w.org\/{rel}","templated":true}]}}