{"id":34136,"date":"2025-02-01T17:47:58","date_gmt":"2025-02-01T17:47:58","guid":{"rendered":"https:\/\/gugadzina.rs\/?post_type=product&#038;p=34136"},"modified":"2026-03-03T09:33:29","modified_gmt":"2026-03-03T09:33:29","slug":"bodi-bgd","status":"publish","type":"product","link":"https:\/\/gugadzina.rs\/en\/prodavnica\/decaci\/gornji-deo-decaci\/bodi-bgd\/","title":{"rendered":"Bodi BGD"},"content":{"rendered":"<p>Bodi BGD &#8211; Beograd<\/p>\n<p>Materijal 95% pamuk 5%elastin<\/p>\n<p>Stre\u010d futer, materijal kao tanji duks!<\/p>\n<p>\u0160tampa DTF. Pranje na 40c, zabranjeno su\u0161enje u ma\u0161nini za su\u0161enje!<\/p>\n<p>Veli\u010dina 0 NB\u00a0 odgovara novoro\u0111enoj bebi pa do 4 meseca<\/p>\n<p>0-1 odgovara od 3-7 meseci<\/p>\n<p>1-2 odgovara od 8 meseci do 18<\/p>\n<p>2-3 odgovara od 18 meseci do 2,5 god.<\/p>\n","protected":false},"excerpt":{"rendered":"<p>Bodi BGD &#8211; Beograd Materijal 95% pamuk 5%elastin Stre\u010d futer, materijal kao tanji duks! \u0160tampa DTF. Pranje na 40c, zabranjeno su\u0161enje u ma\u0161nini za su\u0161enje! Veli\u010dina 0 NB\u00a0 odgovara novoro\u0111enoj bebi pa do 4 meseca 0-1 odgovara od 3-7 meseci 1-2 odgovara od 8 meseci do 18 2-3 odgovara od 18 meseci do 2,5 god.<\/p>\n","protected":false},"featured_media":34154,"comment_status":"closed","ping_status":"closed","template":"","meta":[],"product_brand":[],"product_cat":[19,20,58,23,292],"product_tag":[220,221,90],"class_list":{"0":"post-34136","1":"product","2":"type-product","3":"status-publish","4":"has-post-thumbnail","6":"product_cat-decaci","7":"product_cat-devojcice","8":"product_cat-gornji-deo-decaci","9":"product_cat-gornji-deo-devojcice","10":"product_cat-snizenje","11":"product_tag-beograd","12":"product_tag-bgd","13":"product_tag-bodi","15":"first","16":"instock","17":"sale","18":"shipping-taxable","19":"purchasable","20":"product-type-variable","21":"wvs-archive-product-wrapper"},"_links":{"self":[{"href":"https:\/\/gugadzina.rs\/en\/wp-json\/wp\/v2\/product\/34136","targetHints":{"allow":["GET"]}}],"collection":[{"href":"https:\/\/gugadzina.rs\/en\/wp-json\/wp\/v2\/product"}],"about":[{"href":"https:\/\/gugadzina.rs\/en\/wp-json\/wp\/v2\/types\/product"}],"replies":[{"embeddable":true,"href":"https:\/\/gugadzina.rs\/en\/wp-json\/wp\/v2\/comments?post=34136"}],"wp:featuredmedia":[{"embeddable":true,"href":"https:\/\/gugadzina.rs\/en\/wp-json\/wp\/v2\/media\/34154"}],"wp:attachment":[{"href":"https:\/\/gugadzina.rs\/en\/wp-json\/wp\/v2\/media?parent=34136"}],"wp:term":[{"taxonomy":"product_brand","embeddable":true,"href":"https:\/\/gugadzina.rs\/en\/wp-json\/wp\/v2\/product_brand?post=34136"},{"taxonomy":"product_cat","embeddable":true,"href":"https:\/\/gugadzina.rs\/en\/wp-json\/wp\/v2\/product_cat?post=34136"},{"taxonomy":"product_tag","embeddable":true,"href":"https:\/\/gugadzina.rs\/en\/wp-json\/wp\/v2\/product_tag?post=34136"}],"curies":[{"name":"wp","href":"https:\/\/api.w.org\/{rel}","templated":true}]}}