{"id":35075,"date":"2024-05-22T10:59:46","date_gmt":"2024-05-22T10:59:46","guid":{"rendered":"https:\/\/gugadzina.rs\/?post_type=product&#038;p=35075"},"modified":"2025-07-28T15:42:47","modified_gmt":"2025-07-28T15:42:47","slug":"kravata-jazz","status":"publish","type":"product","link":"https:\/\/gugadzina.rs\/en\/prodavnica\/aksesoari\/ostalo\/kravata-jazz\/","title":{"rendered":"Kravata Jazz"},"content":{"rendered":"<p style=\"text-align: left;\">Kravata Jazz<\/p>\n<p>Materijal: 100% pamuk<\/p>\n<p>du\u017eina kravate bez lasti\u0161a 27cm, obim lasti\u0161a 36cm<\/p>\n<p>Dezen je \u0161aren,pa su i kravate razli\u010dite!<\/p>\n<p>&nbsp;<\/p>\n","protected":false},"excerpt":{"rendered":"<p>Kravata Jazz Materijal: 100% pamuk du\u017eina kravate bez lasti\u0161a 27cm, obim lasti\u0161a 36cm Dezen je \u0161aren,pa su i kravate razli\u010dite! &nbsp;<\/p>\n","protected":false},"featured_media":35065,"comment_status":"closed","ping_status":"closed","template":"","meta":[],"product_brand":[],"product_cat":[18,21,22],"product_tag":[307,308],"class_list":{"0":"post-35075","1":"product","2":"type-product","3":"status-publish","4":"has-post-thumbnail","6":"product_cat-aksesoari","7":"product_cat-oprema-za-maskenbale","8":"product_cat-ostalo","9":"product_tag-igra","10":"product_tag-kravata","12":"first","13":"instock","14":"shipping-taxable","15":"purchasable","16":"product-type-simple"},"_links":{"self":[{"href":"https:\/\/gugadzina.rs\/en\/wp-json\/wp\/v2\/product\/35075","targetHints":{"allow":["GET"]}}],"collection":[{"href":"https:\/\/gugadzina.rs\/en\/wp-json\/wp\/v2\/product"}],"about":[{"href":"https:\/\/gugadzina.rs\/en\/wp-json\/wp\/v2\/types\/product"}],"replies":[{"embeddable":true,"href":"https:\/\/gugadzina.rs\/en\/wp-json\/wp\/v2\/comments?post=35075"}],"wp:featuredmedia":[{"embeddable":true,"href":"https:\/\/gugadzina.rs\/en\/wp-json\/wp\/v2\/media\/35065"}],"wp:attachment":[{"href":"https:\/\/gugadzina.rs\/en\/wp-json\/wp\/v2\/media?parent=35075"}],"wp:term":[{"taxonomy":"product_brand","embeddable":true,"href":"https:\/\/gugadzina.rs\/en\/wp-json\/wp\/v2\/product_brand?post=35075"},{"taxonomy":"product_cat","embeddable":true,"href":"https:\/\/gugadzina.rs\/en\/wp-json\/wp\/v2\/product_cat?post=35075"},{"taxonomy":"product_tag","embeddable":true,"href":"https:\/\/gugadzina.rs\/en\/wp-json\/wp\/v2\/product_tag?post=35075"}],"curies":[{"name":"wp","href":"https:\/\/api.w.org\/{rel}","templated":true}]}}