{"id":35149,"date":"2024-06-07T08:35:06","date_gmt":"2024-06-07T08:35:06","guid":{"rendered":"https:\/\/gugadzina.rs\/?post_type=product&#038;p=35149"},"modified":"2025-06-09T13:38:17","modified_gmt":"2025-06-09T13:38:17","slug":"sesiric-tresnjice-tirkiz","status":"publish","type":"product","link":"https:\/\/gugadzina.rs\/en\/prodavnica\/aksesoari\/sesiric-tresnjice-tirkiz\/","title":{"rendered":"\u0160e\u0161iri\u0107 Tre\u0161njice tirkiz"},"content":{"rendered":"<p>\u0160e\u0161iri\u0107 Tre\u0161njice tirkiz<\/p>\n<p>Materijal: Kombinovani materijali<\/p>\n<p>OBIM 52 cm<\/p>\n<p>Obim se mo\u017ee smanjiti zatezanjem tra\u010dice sa unutra\u0161nje strane!<\/p>\n","protected":false},"excerpt":{"rendered":"<p>\u0160e\u0161iri\u0107 Tre\u0161njice tirkiz Materijal: Kombinovani materijali OBIM 52 cm Obim se mo\u017ee smanjiti zatezanjem tra\u010dice sa unutra\u0161nje strane!<\/p>\n","protected":false},"featured_media":35135,"comment_status":"closed","ping_status":"closed","template":"","meta":[],"product_brand":[],"product_cat":[18,20,70],"product_tag":[82,137],"class_list":{"0":"post-35149","1":"product","2":"type-product","3":"status-publish","4":"has-post-thumbnail","6":"product_cat-aksesoari","7":"product_cat-devojcice","8":"product_cat-kape-i-sesiri","9":"product_tag-sesiric","10":"product_tag-tresnjice","12":"first","13":"instock","14":"shipping-taxable","15":"purchasable","16":"product-type-simple"},"_links":{"self":[{"href":"https:\/\/gugadzina.rs\/en\/wp-json\/wp\/v2\/product\/35149","targetHints":{"allow":["GET"]}}],"collection":[{"href":"https:\/\/gugadzina.rs\/en\/wp-json\/wp\/v2\/product"}],"about":[{"href":"https:\/\/gugadzina.rs\/en\/wp-json\/wp\/v2\/types\/product"}],"replies":[{"embeddable":true,"href":"https:\/\/gugadzina.rs\/en\/wp-json\/wp\/v2\/comments?post=35149"}],"wp:featuredmedia":[{"embeddable":true,"href":"https:\/\/gugadzina.rs\/en\/wp-json\/wp\/v2\/media\/35135"}],"wp:attachment":[{"href":"https:\/\/gugadzina.rs\/en\/wp-json\/wp\/v2\/media?parent=35149"}],"wp:term":[{"taxonomy":"product_brand","embeddable":true,"href":"https:\/\/gugadzina.rs\/en\/wp-json\/wp\/v2\/product_brand?post=35149"},{"taxonomy":"product_cat","embeddable":true,"href":"https:\/\/gugadzina.rs\/en\/wp-json\/wp\/v2\/product_cat?post=35149"},{"taxonomy":"product_tag","embeddable":true,"href":"https:\/\/gugadzina.rs\/en\/wp-json\/wp\/v2\/product_tag?post=35149"}],"curies":[{"name":"wp","href":"https:\/\/api.w.org\/{rel}","templated":true}]}}