{"id":35518,"date":"2025-02-12T08:27:44","date_gmt":"2025-02-12T08:27:44","guid":{"rendered":"https:\/\/gugadzina.rs\/?post_type=product&#038;p=35518"},"modified":"2026-03-03T09:30:50","modified_gmt":"2026-03-03T09:30:50","slug":"haljina-dolina","status":"publish","type":"product","link":"https:\/\/gugadzina.rs\/en\/prodavnica\/devojcice\/donji-deo-devojcice\/haljina-dolina\/","title":{"rendered":"Haljina Dolina"},"content":{"rendered":"<div class=\"flex-shrink-0 flex flex-col relative items-end\">\n<div>\n<div class=\"pt-0\">\n<div class=\"gizmo-bot-avatar flex h-8 w-8 items-center justify-center overflow-hidden rounded-full\">\n<blockquote>\n<div class=\"relative p-1 rounded-sm flex items-center justify-center bg-token-main-surface-primary text-token-text-primary h-8 w-8\">Haljina <strong>&#8220;Dolina&#8221;<\/strong> izra\u0111ena je od prijatnog i kvalitetnog materijala, 92% viskoza i 8% elastin, koji pru\u017ea savr\u0161en balans izme\u0111u udobnosti i pokretljivosti, idealan za de\u010dju svakodnevicu.<\/div>\n<\/blockquote>\n<div class=\"relative p-1 rounded-sm flex items-center justify-center bg-token-main-surface-primary text-token-text-primary h-8 w-8\">Inspirisana o\u010daravaju\u0107im dolinama Srbije, haljina simbolizuje povezanost s prirodom i podse\u0107a na va\u017enost o\u010duvanja na\u0161ih jedinstvenih pejza\u017ea.<\/div>\n<div class=\"relative p-1 rounded-sm flex items-center justify-center bg-token-main-surface-primary text-token-text-primary h-8 w-8\">Posebna vrednost ove haljine le\u017ei u ekolo\u0161ki osve\u0161\u0107enoj proizvodnji, koja stavlja akcenat na odr\u017eivost i brigu o \u017eivotnoj sredini. Sa svojim jednostavnim, a \u0161armantnim krojem, savr\u0161en je izbor za decu koja vole udobnost i stil sa dubljom porukom.<\/div>\n<\/div>\n<\/div>\n<\/div>\n<\/div>\n","protected":false},"excerpt":{"rendered":"<p>Haljina &#8220;Dolina&#8221; izra\u0111ena je od prijatnog i kvalitetnog materijala, 92% viskoza i 8% elastin, koji pru\u017ea savr\u0161en balans izme\u0111u udobnosti i pokretljivosti, idealan za de\u010dju svakodnevicu. Inspirisana o\u010daravaju\u0107im dolinama Srbije, haljina simbolizuje povezanost s prirodom i podse\u0107a na va\u017enost o\u010duvanja na\u0161ih jedinstvenih pejza\u017ea. Posebna vrednost ove haljine le\u017ei u ekolo\u0161ki osve\u0161\u0107enoj proizvodnji, koja stavlja akcenat [&hellip;]<\/p>\n","protected":false},"featured_media":35525,"comment_status":"closed","ping_status":"closed","template":"","meta":[],"product_brand":[],"product_cat":[20,27,23,292],"product_tag":[],"class_list":{"0":"post-35518","1":"product","2":"type-product","3":"status-publish","4":"has-post-thumbnail","6":"product_cat-devojcice","7":"product_cat-donji-deo-devojcice","8":"product_cat-gornji-deo-devojcice","9":"product_cat-snizenje","11":"first","12":"instock","13":"sale","14":"shipping-taxable","15":"purchasable","16":"product-type-variable","17":"wvs-archive-product-wrapper"},"_links":{"self":[{"href":"https:\/\/gugadzina.rs\/en\/wp-json\/wp\/v2\/product\/35518","targetHints":{"allow":["GET"]}}],"collection":[{"href":"https:\/\/gugadzina.rs\/en\/wp-json\/wp\/v2\/product"}],"about":[{"href":"https:\/\/gugadzina.rs\/en\/wp-json\/wp\/v2\/types\/product"}],"replies":[{"embeddable":true,"href":"https:\/\/gugadzina.rs\/en\/wp-json\/wp\/v2\/comments?post=35518"}],"wp:featuredmedia":[{"embeddable":true,"href":"https:\/\/gugadzina.rs\/en\/wp-json\/wp\/v2\/media\/35525"}],"wp:attachment":[{"href":"https:\/\/gugadzina.rs\/en\/wp-json\/wp\/v2\/media?parent=35518"}],"wp:term":[{"taxonomy":"product_brand","embeddable":true,"href":"https:\/\/gugadzina.rs\/en\/wp-json\/wp\/v2\/product_brand?post=35518"},{"taxonomy":"product_cat","embeddable":true,"href":"https:\/\/gugadzina.rs\/en\/wp-json\/wp\/v2\/product_cat?post=35518"},{"taxonomy":"product_tag","embeddable":true,"href":"https:\/\/gugadzina.rs\/en\/wp-json\/wp\/v2\/product_tag?post=35518"}],"curies":[{"name":"wp","href":"https:\/\/api.w.org\/{rel}","templated":true}]}}