{"id":35885,"date":"2025-02-11T16:53:57","date_gmt":"2025-02-11T16:53:57","guid":{"rendered":"https:\/\/gugadzina.rs\/?post_type=product&#038;p=35885"},"modified":"2025-12-22T14:24:47","modified_gmt":"2025-12-22T14:24:47","slug":"salkapa-meda","status":"publish","type":"product","link":"https:\/\/gugadzina.rs\/en\/prodavnica\/aksesoari\/kape-i-sesiri\/salkapa-meda\/","title":{"rendered":"\u0160alkapa Meda"},"content":{"rendered":"<p><strong>\u0160alkapa Meda<\/strong> je prakti\u010dan i udoban dodatak koji spaja funkcionalnost \u0161ala i kape, pru\u017eaju\u0107i savr\u0161enu za\u0161titu od hladno\u0107e uz meko\u0107u i toplinu. Sa svojim svedenim i univerzalnim dizajnom, idealan je za svakodnevne aktivnosti, \u0161etnje ili putovanja, doprinose\u0107i va\u0161em stilu i udobnosti.<\/p>\n<p>Izra\u0111ena je od pa\u017eljivo biranih prirodnih materijala: lice je 100% organski pamuk, dok je postava od 100% pamuka. Ovi materijali obezbe\u0111uju prozra\u010dnost i prijatan ose\u0107aj na ko\u017ei, dok istovremeno odr\u017eavaju toplinu.<\/p>\n<p>Posebna vrednost <strong>\u0160alkape Meda<\/strong> le\u017ei u njenom odr\u017eivom konceptu. Napravljena je od ostataka materijala iz proizvodnje, \u010dime se smanjuje tekstilni otpad i doprinosi o\u010duvanju prirodnih resursa. Organski pamuk kori\u0161\u0107en u izradi dolazi iz uzgoja bez hemikalija, \u010dime je siguran i za korisnike i za \u017eivotnu sredinu.<\/p>\n<p><strong>\u0160alkapa Meda<\/strong> je savr\u0161en izbor za one koji tra\u017ee prakti\u010dan, estetski privla\u010dan i ekolo\u0161ki odgovoran komad koji spaja udobnost, funkcionalnost i odr\u017eivost.<\/p>\n<p>Veli\u010dine se odnose na godine.<\/p>\n<p>&nbsp;<\/p>\n","protected":false},"excerpt":{"rendered":"<p>\u0160alkapa Meda je prakti\u010dan i udoban dodatak koji spaja funkcionalnost \u0161ala i kape, pru\u017eaju\u0107i savr\u0161enu za\u0161titu od hladno\u0107e uz meko\u0107u i toplinu. Sa svojim svedenim i univerzalnim dizajnom, idealan je za svakodnevne aktivnosti, \u0161etnje ili putovanja, doprinose\u0107i va\u0161em stilu i udobnosti. Izra\u0111ena je od pa\u017eljivo biranih prirodnih materijala: lice je 100% organski pamuk, dok je [&hellip;]<\/p>\n","protected":false},"featured_media":35897,"comment_status":"closed","ping_status":"closed","template":"","meta":[],"product_brand":[],"product_cat":[20,70],"product_tag":[],"class_list":{"0":"post-35885","1":"product","2":"type-product","3":"status-publish","4":"has-post-thumbnail","6":"product_cat-devojcice","7":"product_cat-kape-i-sesiri","9":"first","10":"instock","11":"shipping-taxable","12":"purchasable","13":"product-type-variable","14":"wvs-archive-product-wrapper"},"_links":{"self":[{"href":"https:\/\/gugadzina.rs\/en\/wp-json\/wp\/v2\/product\/35885","targetHints":{"allow":["GET"]}}],"collection":[{"href":"https:\/\/gugadzina.rs\/en\/wp-json\/wp\/v2\/product"}],"about":[{"href":"https:\/\/gugadzina.rs\/en\/wp-json\/wp\/v2\/types\/product"}],"replies":[{"embeddable":true,"href":"https:\/\/gugadzina.rs\/en\/wp-json\/wp\/v2\/comments?post=35885"}],"wp:featuredmedia":[{"embeddable":true,"href":"https:\/\/gugadzina.rs\/en\/wp-json\/wp\/v2\/media\/35897"}],"wp:attachment":[{"href":"https:\/\/gugadzina.rs\/en\/wp-json\/wp\/v2\/media?parent=35885"}],"wp:term":[{"taxonomy":"product_brand","embeddable":true,"href":"https:\/\/gugadzina.rs\/en\/wp-json\/wp\/v2\/product_brand?post=35885"},{"taxonomy":"product_cat","embeddable":true,"href":"https:\/\/gugadzina.rs\/en\/wp-json\/wp\/v2\/product_cat?post=35885"},{"taxonomy":"product_tag","embeddable":true,"href":"https:\/\/gugadzina.rs\/en\/wp-json\/wp\/v2\/product_tag?post=35885"}],"curies":[{"name":"wp","href":"https:\/\/api.w.org\/{rel}","templated":true}]}}