{"id":36060,"date":"2024-12-04T09:34:15","date_gmt":"2024-12-04T09:34:15","guid":{"rendered":"https:\/\/gugadzina.rs\/?post_type=product&#038;p=36060"},"modified":"2025-07-21T10:48:31","modified_gmt":"2025-07-21T10:48:31","slug":"gumica-za-kosu-masna-sjajna","status":"publish","type":"product","link":"https:\/\/gugadzina.rs\/en\/prodavnica\/aksesoari\/aksesoari-za-kosu\/gumica-za-kosu-masna-sjajna\/","title":{"rendered":"Gumica za kosu ma\u0161na Sjajna"},"content":{"rendered":"<p><strong>Gumica za kosu &#8220;Ma\u0161na Sjajna&#8221;<\/strong><\/p>\n<p data-pm-slice=\"1 1 []\">Gumicu sa \u0161ljokicama napravljena od restlova materijala kako \u0161ljokice ne bi zavr\u0161ile negde u prirodi na nekoj deponiji!<\/p>\n","protected":false},"excerpt":{"rendered":"<p>Gumica za kosu &#8220;Ma\u0161na Sjajna&#8221; Gumicu sa \u0161ljokicama napravljena od restlova materijala kako \u0161ljokice ne bi zavr\u0161ile negde u prirodi na nekoj deponiji!<\/p>\n","protected":false},"featured_media":36069,"comment_status":"closed","ping_status":"closed","template":"","meta":[],"product_brand":[],"product_cat":[18,63,21],"product_tag":[236,230],"class_list":{"0":"post-36060","1":"product","2":"type-product","3":"status-publish","4":"has-post-thumbnail","6":"product_cat-aksesoari","7":"product_cat-aksesoari-za-kosu","8":"product_cat-oprema-za-maskenbale","9":"product_tag-bucka","10":"product_tag-narukvica","12":"first","13":"instock","14":"shipping-taxable","15":"purchasable","16":"product-type-simple"},"_links":{"self":[{"href":"https:\/\/gugadzina.rs\/en\/wp-json\/wp\/v2\/product\/36060","targetHints":{"allow":["GET"]}}],"collection":[{"href":"https:\/\/gugadzina.rs\/en\/wp-json\/wp\/v2\/product"}],"about":[{"href":"https:\/\/gugadzina.rs\/en\/wp-json\/wp\/v2\/types\/product"}],"replies":[{"embeddable":true,"href":"https:\/\/gugadzina.rs\/en\/wp-json\/wp\/v2\/comments?post=36060"}],"wp:featuredmedia":[{"embeddable":true,"href":"https:\/\/gugadzina.rs\/en\/wp-json\/wp\/v2\/media\/36069"}],"wp:attachment":[{"href":"https:\/\/gugadzina.rs\/en\/wp-json\/wp\/v2\/media?parent=36060"}],"wp:term":[{"taxonomy":"product_brand","embeddable":true,"href":"https:\/\/gugadzina.rs\/en\/wp-json\/wp\/v2\/product_brand?post=36060"},{"taxonomy":"product_cat","embeddable":true,"href":"https:\/\/gugadzina.rs\/en\/wp-json\/wp\/v2\/product_cat?post=36060"},{"taxonomy":"product_tag","embeddable":true,"href":"https:\/\/gugadzina.rs\/en\/wp-json\/wp\/v2\/product_tag?post=36060"}],"curies":[{"name":"wp","href":"https:\/\/api.w.org\/{rel}","templated":true}]}}