{"id":36364,"date":"2024-12-11T11:19:30","date_gmt":"2024-12-11T11:19:30","guid":{"rendered":"https:\/\/gugadzina.rs\/?post_type=product&#038;p=36364"},"modified":"2025-11-23T16:53:44","modified_gmt":"2025-11-23T16:53:44","slug":"kapa-sa-zvezdicama","status":"publish","type":"product","link":"https:\/\/gugadzina.rs\/en\/prodavnica\/aksesoari\/kapa-sa-zvezdicama\/","title":{"rendered":"Kapa sa zvezdicama"},"content":{"rendered":"<p>Kapa sa zvezdicama<\/p>\n<p>Materijal:kombinovani materijali<\/p>\n<p>Dote\u017ee se pomo\u0107u traka, na bradu ide lasti\u0161.<\/p>\n<p>Visina kapice 28cm<\/p>\n<p>&nbsp;<\/p>\n","protected":false},"excerpt":{"rendered":"<p>Kapa sa zvezdicama Materijal:kombinovani materijali Dote\u017ee se pomo\u0107u traka, na bradu ide lasti\u0161. Visina kapice 28cm &nbsp;<\/p>\n","protected":false},"featured_media":36377,"comment_status":"closed","ping_status":"closed","template":"","meta":[],"product_brand":[],"product_cat":[18,20,21],"product_tag":[155,234,235],"class_list":{"0":"post-36364","1":"product","2":"type-product","3":"status-publish","4":"has-post-thumbnail","6":"product_cat-aksesoari","7":"product_cat-devojcice","8":"product_cat-oprema-za-maskenbale","9":"product_tag-kruna","10":"product_tag-maskenbal","11":"product_tag-oprema-za-maskenbal","13":"first","14":"instock","15":"shipping-taxable","16":"purchasable","17":"product-type-simple"},"_links":{"self":[{"href":"https:\/\/gugadzina.rs\/en\/wp-json\/wp\/v2\/product\/36364","targetHints":{"allow":["GET"]}}],"collection":[{"href":"https:\/\/gugadzina.rs\/en\/wp-json\/wp\/v2\/product"}],"about":[{"href":"https:\/\/gugadzina.rs\/en\/wp-json\/wp\/v2\/types\/product"}],"replies":[{"embeddable":true,"href":"https:\/\/gugadzina.rs\/en\/wp-json\/wp\/v2\/comments?post=36364"}],"wp:featuredmedia":[{"embeddable":true,"href":"https:\/\/gugadzina.rs\/en\/wp-json\/wp\/v2\/media\/36377"}],"wp:attachment":[{"href":"https:\/\/gugadzina.rs\/en\/wp-json\/wp\/v2\/media?parent=36364"}],"wp:term":[{"taxonomy":"product_brand","embeddable":true,"href":"https:\/\/gugadzina.rs\/en\/wp-json\/wp\/v2\/product_brand?post=36364"},{"taxonomy":"product_cat","embeddable":true,"href":"https:\/\/gugadzina.rs\/en\/wp-json\/wp\/v2\/product_cat?post=36364"},{"taxonomy":"product_tag","embeddable":true,"href":"https:\/\/gugadzina.rs\/en\/wp-json\/wp\/v2\/product_tag?post=36364"}],"curies":[{"name":"wp","href":"https:\/\/api.w.org\/{rel}","templated":true}]}}