{"id":36883,"date":"2025-11-13T08:00:47","date_gmt":"2025-11-13T08:00:47","guid":{"rendered":"https:\/\/gugadzina.rs\/?post_type=product&#038;p=36883"},"modified":"2025-12-25T17:25:14","modified_gmt":"2025-12-25T17:25:14","slug":"ranac-jaja-bgd","status":"publish","type":"product","link":"https:\/\/gugadzina.rs\/en\/prodavnica\/aksesoari\/torbe\/ranac-jaja-bgd\/","title":{"rendered":"Ranac Jaja\/BGD"},"content":{"rendered":"<p class=\"\" data-start=\"376\" data-end=\"423\"><strong data-start=\"376\" data-end=\"423\">Ranac Jaja\/BGD \u2013 Inspirisan Beogradom 2025.<\/strong><\/p>\n<p class=\"\" data-start=\"425\" data-end=\"785\">Ovaj ranac je stvoren za sve koji \u017eele da ponesu deo Beograda sa sobom. Inspirisan aktuelnim de\u0161avanjima u glavnom gradu Srbije 2025. godine, ovaj model spaja urbani stil, kreativnost i funkcionalnost. Napravljen je od 100% pamuka, \u0161to ga \u010dini ekolo\u0161kim i odr\u017eivim izborom, u skladu sa trendovima zelene i odgovorne mode koja postaje sve prisutnija u Beogradu.<\/p>\n<p class=\"\" data-start=\"787\" data-end=\"1148\">Sa dimenzijama 45&#215;35 cm, dovoljno je prostoran za sve \u0161to vam je potrebno, bilo da ste na putu ka nekim od aktuelnih beogradskih festivala, uli\u010dnih manifestacija ili urbanih doga\u0111anja koja krase grad u 2025. godini. Beograd je u stalnom pokretu i ovaj ranac vas prati, ne samo zbog svojih prakti\u010dnih svojstava, ve\u0107 i zato \u0161to odra\u017eava dinamiku i energiju grada.<\/p>\n<p class=\"\" data-start=\"1150\" data-end=\"1375\"><strong data-start=\"1263\" data-end=\"1281\">Ranac Jaja\/BGD<\/strong> donosi deo Beograda sa sobom i savr\u0161en je za sve koji vole biti u centru aktuelnih de\u0161avanja.<\/p>\n<p>&nbsp;<\/p>\n","protected":false},"excerpt":{"rendered":"<p>Ranac Jaja\/BGD \u2013 Inspirisan Beogradom 2025. Ovaj ranac je stvoren za sve koji \u017eele da ponesu deo Beograda sa sobom. Inspirisan aktuelnim de\u0161avanjima u glavnom gradu Srbije 2025. godine, ovaj model spaja urbani stil, kreativnost i funkcionalnost. Napravljen je od 100% pamuka, \u0161to ga \u010dini ekolo\u0161kim i odr\u017eivim izborom, u skladu sa trendovima zelene i [&hellip;]<\/p>\n","protected":false},"featured_media":36875,"comment_status":"open","ping_status":"closed","template":"","meta":[],"product_brand":[],"product_cat":[18,28,29],"product_tag":[220,148,270,164],"class_list":{"0":"post-36883","1":"product","2":"type-product","3":"status-publish","4":"has-post-thumbnail","6":"product_cat-aksesoari","7":"product_cat-odrasli","8":"product_cat-torbe","9":"product_tag-beograd","10":"product_tag-jaja","11":"product_tag-torba","12":"product_tag-torbica","14":"first","15":"instock","16":"shipping-taxable","17":"purchasable","18":"product-type-simple"},"_links":{"self":[{"href":"https:\/\/gugadzina.rs\/en\/wp-json\/wp\/v2\/product\/36883","targetHints":{"allow":["GET"]}}],"collection":[{"href":"https:\/\/gugadzina.rs\/en\/wp-json\/wp\/v2\/product"}],"about":[{"href":"https:\/\/gugadzina.rs\/en\/wp-json\/wp\/v2\/types\/product"}],"replies":[{"embeddable":true,"href":"https:\/\/gugadzina.rs\/en\/wp-json\/wp\/v2\/comments?post=36883"}],"wp:featuredmedia":[{"embeddable":true,"href":"https:\/\/gugadzina.rs\/en\/wp-json\/wp\/v2\/media\/36875"}],"wp:attachment":[{"href":"https:\/\/gugadzina.rs\/en\/wp-json\/wp\/v2\/media?parent=36883"}],"wp:term":[{"taxonomy":"product_brand","embeddable":true,"href":"https:\/\/gugadzina.rs\/en\/wp-json\/wp\/v2\/product_brand?post=36883"},{"taxonomy":"product_cat","embeddable":true,"href":"https:\/\/gugadzina.rs\/en\/wp-json\/wp\/v2\/product_cat?post=36883"},{"taxonomy":"product_tag","embeddable":true,"href":"https:\/\/gugadzina.rs\/en\/wp-json\/wp\/v2\/product_tag?post=36883"}],"curies":[{"name":"wp","href":"https:\/\/api.w.org\/{rel}","templated":true}]}}