{"id":37122,"date":"2025-04-05T10:49:58","date_gmt":"2025-04-05T10:49:58","guid":{"rendered":"https:\/\/gugadzina.rs\/?post_type=product&#038;p=37122"},"modified":"2026-01-29T13:21:03","modified_gmt":"2026-01-29T13:21:03","slug":"kapa-skosa","status":"publish","type":"product","link":"https:\/\/gugadzina.rs\/en\/prodavnica\/aksesoari\/kape-i-sesiri\/kapa-skosa\/","title":{"rendered":"Kapa Skosa"},"content":{"rendered":"<p class=\"\" data-start=\"53\" data-end=\"423\"><strong data-start=\"53\" data-end=\"67\">Kapa Skosa<\/strong> je savr\u0161en spoj stila i udobnosti za va\u0161e mali\u0161ane.<\/p>\n<p class=\"\" data-start=\"53\" data-end=\"423\">Izra\u0111ena od kvalitetnog materijala \u2013 <strong data-start=\"140\" data-end=\"166\">95% pamuk i 5% elastin stre\u010d futer<\/strong>, ova kapa se savr\u0161eno prilago\u0111ava obliku glave, pru\u017eaju\u0107i prijatan ose\u0107aj tokom celog dana,tako da \u0161titi u\u0161i va\u0161eg mali\u0161ana. Zahvaljuju\u0107i svom modernom,\u00a0 koso se\u010denom dezenu, lako se kombinuje uz razli\u010dite odevne stilove \u2013 bilo da je nosite uz sportsku, urban ili casual kombinaciju.<\/p>\n<p class=\"\" data-start=\"425\" data-end=\"533\">Idealna za prole\u0107ne i jesenje dane, a dovoljno lagana da bude odli\u010dan modni dodatak i u zatvorenom prostoru.<\/p>\n<p data-start=\"425\" data-end=\"533\">Veli\u010dine se odnose na godine.<\/p>\n<p>&nbsp;<\/p>\n","protected":false},"excerpt":{"rendered":"<p>Kapa Skosa je savr\u0161en spoj stila i udobnosti za va\u0161e mali\u0161ane. Izra\u0111ena od kvalitetnog materijala \u2013 95% pamuk i 5% elastin stre\u010d futer, ova kapa se savr\u0161eno prilago\u0111ava obliku glave, pru\u017eaju\u0107i prijatan ose\u0107aj tokom celog dana,tako da \u0161titi u\u0161i va\u0161eg mali\u0161ana. Zahvaljuju\u0107i svom modernom,\u00a0 koso se\u010denom dezenu, lako se kombinuje uz razli\u010dite odevne stilove \u2013 [&hellip;]<\/p>\n","protected":false},"featured_media":37116,"comment_status":"closed","ping_status":"closed","template":"","meta":[],"product_brand":[],"product_cat":[18,19,20,70,292],"product_tag":[243,158,159,244],"class_list":{"0":"post-37122","1":"product","2":"type-product","3":"status-publish","4":"has-post-thumbnail","6":"product_cat-aksesoari","7":"product_cat-decaci","8":"product_cat-devojcice","9":"product_cat-kape-i-sesiri","10":"product_cat-snizenje","11":"product_tag-carobnjak","12":"product_tag-kapa","13":"product_tag-kapica","14":"product_tag-zvezdice","16":"first","17":"instock","18":"sale","19":"shipping-taxable","20":"purchasable","21":"product-type-variable","22":"wvs-archive-product-wrapper"},"_links":{"self":[{"href":"https:\/\/gugadzina.rs\/en\/wp-json\/wp\/v2\/product\/37122","targetHints":{"allow":["GET"]}}],"collection":[{"href":"https:\/\/gugadzina.rs\/en\/wp-json\/wp\/v2\/product"}],"about":[{"href":"https:\/\/gugadzina.rs\/en\/wp-json\/wp\/v2\/types\/product"}],"replies":[{"embeddable":true,"href":"https:\/\/gugadzina.rs\/en\/wp-json\/wp\/v2\/comments?post=37122"}],"wp:featuredmedia":[{"embeddable":true,"href":"https:\/\/gugadzina.rs\/en\/wp-json\/wp\/v2\/media\/37116"}],"wp:attachment":[{"href":"https:\/\/gugadzina.rs\/en\/wp-json\/wp\/v2\/media?parent=37122"}],"wp:term":[{"taxonomy":"product_brand","embeddable":true,"href":"https:\/\/gugadzina.rs\/en\/wp-json\/wp\/v2\/product_brand?post=37122"},{"taxonomy":"product_cat","embeddable":true,"href":"https:\/\/gugadzina.rs\/en\/wp-json\/wp\/v2\/product_cat?post=37122"},{"taxonomy":"product_tag","embeddable":true,"href":"https:\/\/gugadzina.rs\/en\/wp-json\/wp\/v2\/product_tag?post=37122"}],"curies":[{"name":"wp","href":"https:\/\/api.w.org\/{rel}","templated":true}]}}