{"id":38036,"date":"2025-02-11T16:53:30","date_gmt":"2025-02-11T16:53:30","guid":{"rendered":"https:\/\/gugadzina.rs\/?post_type=product&#038;p=38036"},"modified":"2025-11-03T15:28:29","modified_gmt":"2025-11-03T15:28:29","slug":"portikla-marama-djumbir","status":"publish","type":"product","link":"https:\/\/gugadzina.rs\/en\/prodavnica\/aksesoari\/portikle\/portikla-marama-djumbir\/","title":{"rendered":"Portikla-marama Djumbir"},"content":{"rendered":"<p><strong>Portikla-marama &#8220;Djumbir&#8221;<\/strong> \u2013 Ova portikla-marama je izra\u0111ena od 100% najmek\u0161eg organskog pamuka na svetu.<\/p>\n<p>Dizajniran za mali\u0161ane,\u00a0 univerzalna veli\u010dina koja odgovara razli\u010ditim uzrastima, &#8220;Djumbir&#8221; je idealan za svakodnevnu upotrebu. Ukrasna tra\u010dica pored svog interesantnog dizajna, mo\u017ee slu\u017eiti da se na nju oka\u010di cucla!<\/p>\n<p>Savr\u0161en dodatak za decu, uz ekolo\u0161ki pristup proizvodnje koji se oslanja na odr\u017eivost i smanjenje otpada.<\/p>\n<p>Univerzalna veli\u010dina<\/p>\n","protected":false},"excerpt":{"rendered":"<p>Portikla-marama &#8220;Djumbir&#8221; \u2013 Ova portikla-marama je izra\u0111ena od 100% najmek\u0161eg organskog pamuka na svetu. Dizajniran za mali\u0161ane,\u00a0 univerzalna veli\u010dina koja odgovara razli\u010ditim uzrastima, &#8220;Djumbir&#8221; je idealan za svakodnevnu upotrebu. Ukrasna tra\u010dica pored svog interesantnog dizajna, mo\u017ee slu\u017eiti da se na nju oka\u010di cucla! Savr\u0161en dodatak za decu, uz ekolo\u0161ki pristup proizvodnje koji se oslanja na [&hellip;]<\/p>\n","protected":false},"featured_media":38037,"comment_status":"closed","ping_status":"closed","template":"","meta":[],"product_brand":[],"product_cat":[18,57],"product_tag":[220,225,187],"class_list":{"0":"post-38036","1":"product","2":"type-product","3":"status-publish","4":"has-post-thumbnail","6":"product_cat-aksesoari","7":"product_cat-portikle","8":"product_tag-beograd","9":"product_tag-marama","10":"product_tag-portikla","12":"first","13":"instock","14":"shipping-taxable","15":"purchasable","16":"product-type-simple"},"_links":{"self":[{"href":"https:\/\/gugadzina.rs\/en\/wp-json\/wp\/v2\/product\/38036","targetHints":{"allow":["GET"]}}],"collection":[{"href":"https:\/\/gugadzina.rs\/en\/wp-json\/wp\/v2\/product"}],"about":[{"href":"https:\/\/gugadzina.rs\/en\/wp-json\/wp\/v2\/types\/product"}],"replies":[{"embeddable":true,"href":"https:\/\/gugadzina.rs\/en\/wp-json\/wp\/v2\/comments?post=38036"}],"wp:featuredmedia":[{"embeddable":true,"href":"https:\/\/gugadzina.rs\/en\/wp-json\/wp\/v2\/media\/38037"}],"wp:attachment":[{"href":"https:\/\/gugadzina.rs\/en\/wp-json\/wp\/v2\/media?parent=38036"}],"wp:term":[{"taxonomy":"product_brand","embeddable":true,"href":"https:\/\/gugadzina.rs\/en\/wp-json\/wp\/v2\/product_brand?post=38036"},{"taxonomy":"product_cat","embeddable":true,"href":"https:\/\/gugadzina.rs\/en\/wp-json\/wp\/v2\/product_cat?post=38036"},{"taxonomy":"product_tag","embeddable":true,"href":"https:\/\/gugadzina.rs\/en\/wp-json\/wp\/v2\/product_tag?post=38036"}],"curies":[{"name":"wp","href":"https:\/\/api.w.org\/{rel}","templated":true}]}}