{"id":38055,"date":"2025-09-24T07:29:51","date_gmt":"2025-09-24T07:29:51","guid":{"rendered":"https:\/\/gugadzina.rs\/?post_type=product&#038;p=38055"},"modified":"2025-09-30T10:19:35","modified_gmt":"2025-09-30T10:19:35","slug":"portikla-marama-nevreme-kopiraj","status":"publish","type":"product","link":"https:\/\/gugadzina.rs\/en\/prodavnica\/aksesoari\/portikle\/portikla-marama-nevreme-kopiraj\/","title":{"rendered":"Portikla-marama Svi\u0107e"},"content":{"rendered":"<p><strong>Portikla-marama Svi\u0107e &#8220;&#8221;<\/strong> \u2013 Ova portikla-marama je izra\u0111ena od 95% pamuka 5% elastina.<\/p>\n<p>Marama je idealana za svakodnevnu upotrebu.<\/p>\n<p>Ukrasna tra\u010dica pored svog interesantnog dizajna, mo\u017ee slu\u017eiti da se na nju oka\u010di cucla!<\/p>\n<p>Savr\u0161en dodatak za decu, uz ekolo\u0161ki pristup proizvodnje koji se oslanja na odr\u017eivost i smanjenje otpada.<\/p>\n<p>Veli\u010dina za novoro\u0111enu bebu 0-6 meseci<\/p>\n","protected":false},"excerpt":{"rendered":"<p>Portikla-marama Svi\u0107e &#8220;&#8221; \u2013 Ova portikla-marama je izra\u0111ena od 95% pamuka 5% elastina. Marama je idealana za svakodnevnu upotrebu. Ukrasna tra\u010dica pored svog interesantnog dizajna, mo\u017ee slu\u017eiti da se na nju oka\u010di cucla! Savr\u0161en dodatak za decu, uz ekolo\u0161ki pristup proizvodnje koji se oslanja na odr\u017eivost i smanjenje otpada. Veli\u010dina za novoro\u0111enu bebu 0-6 meseci<\/p>\n","protected":false},"featured_media":38044,"comment_status":"closed","ping_status":"closed","template":"","meta":[],"product_brand":[],"product_cat":[18,57],"product_tag":[220,225,187],"class_list":{"0":"post-38055","1":"product","2":"type-product","3":"status-publish","4":"has-post-thumbnail","6":"product_cat-aksesoari","7":"product_cat-portikle","8":"product_tag-beograd","9":"product_tag-marama","10":"product_tag-portikla","12":"first","13":"instock","14":"shipping-taxable","15":"purchasable","16":"product-type-simple"},"_links":{"self":[{"href":"https:\/\/gugadzina.rs\/en\/wp-json\/wp\/v2\/product\/38055","targetHints":{"allow":["GET"]}}],"collection":[{"href":"https:\/\/gugadzina.rs\/en\/wp-json\/wp\/v2\/product"}],"about":[{"href":"https:\/\/gugadzina.rs\/en\/wp-json\/wp\/v2\/types\/product"}],"replies":[{"embeddable":true,"href":"https:\/\/gugadzina.rs\/en\/wp-json\/wp\/v2\/comments?post=38055"}],"wp:featuredmedia":[{"embeddable":true,"href":"https:\/\/gugadzina.rs\/en\/wp-json\/wp\/v2\/media\/38044"}],"wp:attachment":[{"href":"https:\/\/gugadzina.rs\/en\/wp-json\/wp\/v2\/media?parent=38055"}],"wp:term":[{"taxonomy":"product_brand","embeddable":true,"href":"https:\/\/gugadzina.rs\/en\/wp-json\/wp\/v2\/product_brand?post=38055"},{"taxonomy":"product_cat","embeddable":true,"href":"https:\/\/gugadzina.rs\/en\/wp-json\/wp\/v2\/product_cat?post=38055"},{"taxonomy":"product_tag","embeddable":true,"href":"https:\/\/gugadzina.rs\/en\/wp-json\/wp\/v2\/product_tag?post=38055"}],"curies":[{"name":"wp","href":"https:\/\/api.w.org\/{rel}","templated":true}]}}