{"id":38111,"date":"2025-09-16T14:08:51","date_gmt":"2025-09-16T14:08:51","guid":{"rendered":"https:\/\/gugadzina.rs\/?post_type=product&#038;p=38111"},"modified":"2025-12-29T18:05:11","modified_gmt":"2025-12-29T18:05:11","slug":"carobni-stapic-zlatno-zvonce","status":"publish","type":"product","link":"https:\/\/gugadzina.rs\/en\/prodavnica\/aksesoari\/carobni-stapic-zlatno-zvonce\/","title":{"rendered":"\u010carobni \u0161tapi\u0107 zlatno zvonce"},"content":{"rendered":"<p data-start=\"70\" data-end=\"337\"><strong data-start=\"70\" data-end=\"88\">\u010carobni \u0161tapi\u0107 Zlatno zvonce<\/strong><\/p>\n<p data-start=\"70\" data-end=\"337\">Zazvoni, zamisli \u017eelju \u2014 i neka magija po\u010dne!<br data-start=\"138\" data-end=\"141\" \/>Svaki \u0161tapi\u0107 izra\u0111en je ru\u010dno, od traka, tila i \u0161ljokica koje ple\u0161u na svetlu, sa zvoncem na vrhu koje ne\u017eno zazvoni pri svakom pokretu.<br data-start=\"277\" data-end=\"280\" \/>Za male vile, \u010darobnjake i sve koji veruju u \u010dudo igre.<\/p>\n<p data-start=\"70\" data-end=\"337\">Ru\u010dno ra\u0111en, sa drvenim \u0161tapi\u0107em presvu\u010denim lamiranom trakom, du\u017eina \u0161tapi\u010da 30cm + zvonce.<\/p>\n<p data-start=\"339\" data-end=\"464\">Ra\u0111eni su u ograni\u010denoj seriji, u duhu ekolo\u0161ki osve\u0161\u0107ene i odr\u017eive izrade \u2014 jer i magija mo\u017ee biti pa\u017eljiva prema planeti.<\/p>\n","protected":false},"excerpt":{"rendered":"<p>\u010carobni \u0161tapi\u0107 Zlatno zvonce Zazvoni, zamisli \u017eelju \u2014 i neka magija po\u010dne!Svaki \u0161tapi\u0107 izra\u0111en je ru\u010dno, od traka, tila i \u0161ljokica koje ple\u0161u na svetlu, sa zvoncem na vrhu koje ne\u017eno zazvoni pri svakom pokretu.Za male vile, \u010darobnjake i sve koji veruju u \u010dudo igre. Ru\u010dno ra\u0111en, sa drvenim \u0161tapi\u0107em presvu\u010denim lamiranom trakom, du\u017eina \u0161tapi\u010da [&hellip;]<\/p>\n","protected":false},"featured_media":38112,"comment_status":"closed","ping_status":"closed","template":"","meta":[],"product_brand":[],"product_cat":[18,21],"product_tag":[150,151,234,235,154],"class_list":{"0":"post-38111","1":"product","2":"type-product","3":"status-publish","4":"has-post-thumbnail","6":"product_cat-aksesoari","7":"product_cat-oprema-za-maskenbale","8":"product_tag-carobni","9":"product_tag-carobni-stapic","10":"product_tag-maskenbal","11":"product_tag-oprema-za-maskenbal","12":"product_tag-stapic","14":"first","15":"instock","16":"shipping-taxable","17":"purchasable","18":"product-type-simple"},"_links":{"self":[{"href":"https:\/\/gugadzina.rs\/en\/wp-json\/wp\/v2\/product\/38111","targetHints":{"allow":["GET"]}}],"collection":[{"href":"https:\/\/gugadzina.rs\/en\/wp-json\/wp\/v2\/product"}],"about":[{"href":"https:\/\/gugadzina.rs\/en\/wp-json\/wp\/v2\/types\/product"}],"replies":[{"embeddable":true,"href":"https:\/\/gugadzina.rs\/en\/wp-json\/wp\/v2\/comments?post=38111"}],"wp:featuredmedia":[{"embeddable":true,"href":"https:\/\/gugadzina.rs\/en\/wp-json\/wp\/v2\/media\/38112"}],"wp:attachment":[{"href":"https:\/\/gugadzina.rs\/en\/wp-json\/wp\/v2\/media?parent=38111"}],"wp:term":[{"taxonomy":"product_brand","embeddable":true,"href":"https:\/\/gugadzina.rs\/en\/wp-json\/wp\/v2\/product_brand?post=38111"},{"taxonomy":"product_cat","embeddable":true,"href":"https:\/\/gugadzina.rs\/en\/wp-json\/wp\/v2\/product_cat?post=38111"},{"taxonomy":"product_tag","embeddable":true,"href":"https:\/\/gugadzina.rs\/en\/wp-json\/wp\/v2\/product_tag?post=38111"}],"curies":[{"name":"wp","href":"https:\/\/api.w.org\/{rel}","templated":true}]}}