{"id":38182,"date":"2025-10-09T11:13:17","date_gmt":"2025-10-09T11:13:17","guid":{"rendered":"https:\/\/gugadzina.rs\/?post_type=product&#038;p=38182"},"modified":"2026-03-21T16:59:17","modified_gmt":"2026-03-21T16:59:17","slug":"kapa-buvica","status":"publish","type":"product","link":"https:\/\/gugadzina.rs\/en\/prodavnica\/aksesoari\/kape-i-sesiri\/kapa-buvica\/","title":{"rendered":"Kapa Buvica"},"content":{"rendered":"<p class=\"\" data-start=\"53\" data-end=\"423\"><strong data-start=\"53\" data-end=\"67\">Kapa Buvica<\/strong> je savr\u0161en spoj stila i udobnosti za va\u0161e mali\u0161ane.<\/p>\n<p class=\"\" data-start=\"53\" data-end=\"423\">Izra\u0111ena od kvalitetnog materijala \u2013 <strong data-start=\"140\" data-end=\"166\">70% pamuk i 25% poliester 5% elastin stre\u010d futer<\/strong>, ova kapa se savr\u0161eno prilago\u0111ava obliku glave, pru\u017eaju\u0107i prijatan ose\u0107aj tokom celog dana,tako da \u0161titi u\u0161i va\u0161eg mali\u0161ana. Aplikacija Buvica je DTF \u0161tampa.<\/p>\n<p class=\"\" data-start=\"425\" data-end=\"533\">Idealna za prole\u0107ne i jesenje dane, a dovoljno lagana da bude odli\u010dan modni dodatak i u zatvorenom prostoru.<\/p>\n<p data-start=\"425\" data-end=\"533\">Veli\u010dine se odnose na godine.<\/p>\n<p>&nbsp;<\/p>\n","protected":false},"excerpt":{"rendered":"<p>Kapa Buvica je savr\u0161en spoj stila i udobnosti za va\u0161e mali\u0161ane. Izra\u0111ena od kvalitetnog materijala \u2013 70% pamuk i 25% poliester 5% elastin stre\u010d futer, ova kapa se savr\u0161eno prilago\u0111ava obliku glave, pru\u017eaju\u0107i prijatan ose\u0107aj tokom celog dana,tako da \u0161titi u\u0161i va\u0161eg mali\u0161ana. Aplikacija Buvica je DTF \u0161tampa. Idealna za prole\u0107ne i jesenje dane, a [&hellip;]<\/p>\n","protected":false},"featured_media":38186,"comment_status":"closed","ping_status":"closed","template":"","meta":[],"product_brand":[],"product_cat":[18,19,20,70,292],"product_tag":[243,158,159,244],"class_list":{"0":"post-38182","1":"product","2":"type-product","3":"status-publish","4":"has-post-thumbnail","6":"product_cat-aksesoari","7":"product_cat-decaci","8":"product_cat-devojcice","9":"product_cat-kape-i-sesiri","10":"product_cat-snizenje","11":"product_tag-carobnjak","12":"product_tag-kapa","13":"product_tag-kapica","14":"product_tag-zvezdice","16":"first","17":"instock","18":"sale","19":"shipping-taxable","20":"purchasable","21":"product-type-variable","22":"wvs-archive-product-wrapper"},"_links":{"self":[{"href":"https:\/\/gugadzina.rs\/en\/wp-json\/wp\/v2\/product\/38182","targetHints":{"allow":["GET"]}}],"collection":[{"href":"https:\/\/gugadzina.rs\/en\/wp-json\/wp\/v2\/product"}],"about":[{"href":"https:\/\/gugadzina.rs\/en\/wp-json\/wp\/v2\/types\/product"}],"replies":[{"embeddable":true,"href":"https:\/\/gugadzina.rs\/en\/wp-json\/wp\/v2\/comments?post=38182"}],"wp:featuredmedia":[{"embeddable":true,"href":"https:\/\/gugadzina.rs\/en\/wp-json\/wp\/v2\/media\/38186"}],"wp:attachment":[{"href":"https:\/\/gugadzina.rs\/en\/wp-json\/wp\/v2\/media?parent=38182"}],"wp:term":[{"taxonomy":"product_brand","embeddable":true,"href":"https:\/\/gugadzina.rs\/en\/wp-json\/wp\/v2\/product_brand?post=38182"},{"taxonomy":"product_cat","embeddable":true,"href":"https:\/\/gugadzina.rs\/en\/wp-json\/wp\/v2\/product_cat?post=38182"},{"taxonomy":"product_tag","embeddable":true,"href":"https:\/\/gugadzina.rs\/en\/wp-json\/wp\/v2\/product_tag?post=38182"}],"curies":[{"name":"wp","href":"https:\/\/api.w.org\/{rel}","templated":true}]}}