{"id":38226,"date":"2025-10-31T14:32:25","date_gmt":"2025-10-31T14:32:25","guid":{"rendered":"https:\/\/gugadzina.rs\/?post_type=product&#038;p=38226"},"modified":"2026-03-03T09:22:57","modified_gmt":"2026-03-03T09:22:57","slug":"kombinezon-pile","status":"publish","type":"product","link":"https:\/\/gugadzina.rs\/en\/prodavnica\/devojcice\/kombinezon-pile\/","title":{"rendered":"Kombinezon Pile"},"content":{"rendered":"<p data-start=\"70\" data-end=\"579\"><strong data-start=\"70\" data-end=\"94\">Bebi kombinezon Pile<\/strong><br data-start=\"94\" data-end=\"97\" \/>Mek i razigran kao jutarnje cvrkutanje. Napravljen od ne\u017enog viskoznog materijala (92% viskoza, 8% elastin) sa mekanim krznom u kapulja\u010di, ovaj kombinezon grli svaku bebu udobno i sigurno. Kop\u010da se celom du\u017einom radi lak\u0161eg presvla\u010denja, a kapulja\u010da sa otvorenim o\u010dima donosi da\u0161ak igre i topline.<br data-start=\"357\" data-end=\"360\" \/>Kao i svi na\u0161i komadi, i ovaj je deo <strong data-start=\"397\" data-end=\"418\">ograni\u010dene serije, <\/strong>\u00a0izra\u0111eno je samo po \u010detiri primeraka u dve veli\u010dine.<br data-start=\"473\" data-end=\"476\" \/>Stvoren s pa\u017enjom prema prirodi i detetu, da mali Pti\u0107 od prvog dana raste u meko\u0107i i odr\u017eivosti.<\/p>\n","protected":false},"excerpt":{"rendered":"<p>Bebi kombinezon PileMek i razigran kao jutarnje cvrkutanje. Napravljen od ne\u017enog viskoznog materijala (92% viskoza, 8% elastin) sa mekanim krznom u kapulja\u010di, ovaj kombinezon grli svaku bebu udobno i sigurno. Kop\u010da se celom du\u017einom radi lak\u0161eg presvla\u010denja, a kapulja\u010da sa otvorenim o\u010dima donosi da\u0161ak igre i topline.Kao i svi na\u0161i komadi, i ovaj je deo [&hellip;]<\/p>\n","protected":false},"featured_media":38220,"comment_status":"open","ping_status":"closed","template":"","meta":[],"product_brand":[],"product_cat":[20,27,23,292],"product_tag":[121,119,392],"class_list":{"0":"post-38226","1":"product","2":"type-product","3":"status-publish","4":"has-post-thumbnail","6":"product_cat-devojcice","7":"product_cat-donji-deo-devojcice","8":"product_cat-gornji-deo-devojcice","9":"product_cat-snizenje","10":"product_tag-bebe","11":"product_tag-kombinezon","12":"product_tag-ptic","14":"first","15":"instock","16":"sale","17":"shipping-taxable","18":"purchasable","19":"product-type-variable","20":"wvs-archive-product-wrapper"},"_links":{"self":[{"href":"https:\/\/gugadzina.rs\/en\/wp-json\/wp\/v2\/product\/38226","targetHints":{"allow":["GET"]}}],"collection":[{"href":"https:\/\/gugadzina.rs\/en\/wp-json\/wp\/v2\/product"}],"about":[{"href":"https:\/\/gugadzina.rs\/en\/wp-json\/wp\/v2\/types\/product"}],"replies":[{"embeddable":true,"href":"https:\/\/gugadzina.rs\/en\/wp-json\/wp\/v2\/comments?post=38226"}],"wp:featuredmedia":[{"embeddable":true,"href":"https:\/\/gugadzina.rs\/en\/wp-json\/wp\/v2\/media\/38220"}],"wp:attachment":[{"href":"https:\/\/gugadzina.rs\/en\/wp-json\/wp\/v2\/media?parent=38226"}],"wp:term":[{"taxonomy":"product_brand","embeddable":true,"href":"https:\/\/gugadzina.rs\/en\/wp-json\/wp\/v2\/product_brand?post=38226"},{"taxonomy":"product_cat","embeddable":true,"href":"https:\/\/gugadzina.rs\/en\/wp-json\/wp\/v2\/product_cat?post=38226"},{"taxonomy":"product_tag","embeddable":true,"href":"https:\/\/gugadzina.rs\/en\/wp-json\/wp\/v2\/product_tag?post=38226"}],"curies":[{"name":"wp","href":"https:\/\/api.w.org\/{rel}","templated":true}]}}