{"id":38230,"date":"2025-11-07T10:22:53","date_gmt":"2025-11-07T10:22:53","guid":{"rendered":"https:\/\/gugadzina.rs\/?post_type=product&#038;p=38230"},"modified":"2026-03-03T09:20:44","modified_gmt":"2026-03-03T09:20:44","slug":"bebi-pantalone-dzungla","status":"publish","type":"product","link":"https:\/\/gugadzina.rs\/en\/prodavnica\/decaci\/bebi-pantalone-dzungla\/","title":{"rendered":"Bebi pantalone D\u017eungla"},"content":{"rendered":"<p style=\"text-align: left;\" data-start=\"243\" data-end=\"513\"><strong data-start=\"83\" data-end=\"109\">Bebi pantalone D\u017eungla<\/strong><br data-start=\"109\" data-end=\"112\" \/>Nastale su od poslednjih komadi\u0107a materijala \u2014 onih koji bi u brzoj modi zavr\u0161ili na deponiji, ali su ovde dobili novi \u017eivot, pretvoreni u ne\u0161to dragoceno i trajno.<br data-start=\"276\" data-end=\"279\" \/>Dezen inspirisan d\u017eunglom donosi \u0161arenilo tropskog zelenila, nesta\u0161ne papagaje, skrivene face i sitne detalje koji bude ma\u0161tu.<br data-start=\"405\" data-end=\"408\" \/>Svaki par je kao mala avantura u bojama prirode \u2014 razigran, neobi\u010dan i jedinstven.<br data-start=\"490\" data-end=\"493\" \/>Trenerkica ima produ\u017eene ranfle, pa se mo\u017ee nositi od ro\u0111enja do \u0161estog meseca.<br data-start=\"572\" data-end=\"575\" \/>Ura\u0111ena je u jednoj veli\u010dini, u samo pet komada. \ud83c\udf3f<\/p>\n<p data-start=\"243\" data-end=\"513\">Izra\u0111ene od stre\u010d futera <strong data-start=\"138\" data-end=\"161\" data-is-only-node=\"\">95% pamuk 5% elastin.<\/strong><\/p>\n<p data-start=\"515\" data-end=\"670\" data-is-last-node=\"\" data-is-only-node=\"\">Veli\u010dina 0-1 namenjena je bebama od ro\u0111enja do 6 meseca.<\/p>\n<p data-start=\"427\" data-end=\"701\">\n","protected":false},"excerpt":{"rendered":"<p>Bebi pantalone D\u017eunglaNastale su od poslednjih komadi\u0107a materijala \u2014 onih koji bi u brzoj modi zavr\u0161ili na deponiji, ali su ovde dobili novi \u017eivot, pretvoreni u ne\u0161to dragoceno i trajno.Dezen inspirisan d\u017eunglom donosi \u0161arenilo tropskog zelenila, nesta\u0161ne papagaje, skrivene face i sitne detalje koji bude ma\u0161tu.Svaki par je kao mala avantura u bojama prirode \u2014 [&hellip;]<\/p>\n","protected":false},"featured_media":38231,"comment_status":"open","ping_status":"closed","template":"","meta":[],"product_brand":[],"product_cat":[19,20,69,27,292],"product_tag":[121,393,104],"class_list":{"0":"post-38230","1":"product","2":"type-product","3":"status-publish","4":"has-post-thumbnail","6":"product_cat-decaci","7":"product_cat-devojcice","8":"product_cat-donji-deo-decaci","9":"product_cat-donji-deo-devojcice","10":"product_cat-snizenje","11":"product_tag-bebe","12":"product_tag-dzungla","13":"product_tag-pantalone","15":"first","16":"instock","17":"sale","18":"shipping-taxable","19":"purchasable","20":"product-type-simple"},"_links":{"self":[{"href":"https:\/\/gugadzina.rs\/en\/wp-json\/wp\/v2\/product\/38230","targetHints":{"allow":["GET"]}}],"collection":[{"href":"https:\/\/gugadzina.rs\/en\/wp-json\/wp\/v2\/product"}],"about":[{"href":"https:\/\/gugadzina.rs\/en\/wp-json\/wp\/v2\/types\/product"}],"replies":[{"embeddable":true,"href":"https:\/\/gugadzina.rs\/en\/wp-json\/wp\/v2\/comments?post=38230"}],"wp:featuredmedia":[{"embeddable":true,"href":"https:\/\/gugadzina.rs\/en\/wp-json\/wp\/v2\/media\/38231"}],"wp:attachment":[{"href":"https:\/\/gugadzina.rs\/en\/wp-json\/wp\/v2\/media?parent=38230"}],"wp:term":[{"taxonomy":"product_brand","embeddable":true,"href":"https:\/\/gugadzina.rs\/en\/wp-json\/wp\/v2\/product_brand?post=38230"},{"taxonomy":"product_cat","embeddable":true,"href":"https:\/\/gugadzina.rs\/en\/wp-json\/wp\/v2\/product_cat?post=38230"},{"taxonomy":"product_tag","embeddable":true,"href":"https:\/\/gugadzina.rs\/en\/wp-json\/wp\/v2\/product_tag?post=38230"}],"curies":[{"name":"wp","href":"https:\/\/api.w.org\/{rel}","templated":true}]}}