{"id":38237,"date":"2025-11-07T10:39:52","date_gmt":"2025-11-07T10:39:52","guid":{"rendered":"https:\/\/gugadzina.rs\/?post_type=product&#038;p=38237"},"modified":"2026-03-03T09:20:14","modified_gmt":"2026-03-03T09:20:14","slug":"bebi-kapica-dzungla","status":"publish","type":"product","link":"https:\/\/gugadzina.rs\/en\/prodavnica\/aksesoari\/bebi-kapica-dzungla\/","title":{"rendered":"Bebi kapica D\u017eungla"},"content":{"rendered":"<p data-start=\"243\" data-end=\"513\"><strong data-start=\"0\" data-end=\"23\">Bebi kapica D\u017eungla<\/strong><br data-start=\"23\" data-end=\"26\" \/>Za prve avanture i snove obojene zelenilom. \ud83c\udf3f<br data-start=\"72\" data-end=\"75\" data-is-only-node=\"\" \/>Napravljena od poslednjih komadi\u0107a materijala \u2014 onih koji bi u brzoj modi zavr\u0161ili na deponiji, ali su ovde pretvoreni u ne\u0161to dragoceno i trajno.<br data-start=\"221\" data-end=\"224\" \/>Dezen je razigran kao sama d\u017eungla, sa papagajima koji vire iz li\u0161\u0107a, toplim bojama i sitnim likovima koji mame osmeh.<br data-start=\"343\" data-end=\"346\" \/>Mekana, udobna i lagana, savr\u0161eno obgrli glavu beba od ro\u0111enja do 4 meseca.<br data-start=\"421\" data-end=\"424\" \/>Ura\u0111ena je u ograni\u010denoj seriji.Svaka kapica je razli\u010dita jer sadr\u017ei razli\u010dite delove dezena!<\/p>\n<p data-start=\"243\" data-end=\"513\">Izra\u0111ene od stre\u010d futera <strong data-start=\"138\" data-end=\"161\" data-is-only-node=\"\">95% pamuk 5% elastin. Obim kape 38 cm\u00a0<\/strong><\/p>\n<p data-start=\"515\" data-end=\"670\" data-is-last-node=\"\" data-is-only-node=\"\">Veli\u010dina 0 NB (nova beba) namenjena je bebama od ro\u0111enja do 4 meseca.<\/p>\n<p data-start=\"427\" data-end=\"701\">\n","protected":false},"excerpt":{"rendered":"<p>Bebi kapica D\u017eunglaZa prve avanture i snove obojene zelenilom. \ud83c\udf3fNapravljena od poslednjih komadi\u0107a materijala \u2014 onih koji bi u brzoj modi zavr\u0161ili na deponiji, ali su ovde pretvoreni u ne\u0161to dragoceno i trajno.Dezen je razigran kao sama d\u017eungla, sa papagajima koji vire iz li\u0161\u0107a, toplim bojama i sitnim likovima koji mame osmeh.Mekana, udobna i lagana, [&hellip;]<\/p>\n","protected":false},"featured_media":38240,"comment_status":"open","ping_status":"closed","template":"","meta":[],"product_brand":[],"product_cat":[18,70,292],"product_tag":[121,393,158,159,398],"class_list":{"0":"post-38237","1":"product","2":"type-product","3":"status-publish","4":"has-post-thumbnail","6":"product_cat-aksesoari","7":"product_cat-kape-i-sesiri","8":"product_cat-snizenje","9":"product_tag-bebe","10":"product_tag-dzungla","11":"product_tag-kapa","12":"product_tag-kapica","13":"product_tag-snizenje","15":"first","16":"instock","17":"sale","18":"shipping-taxable","19":"purchasable","20":"product-type-simple"},"_links":{"self":[{"href":"https:\/\/gugadzina.rs\/en\/wp-json\/wp\/v2\/product\/38237","targetHints":{"allow":["GET"]}}],"collection":[{"href":"https:\/\/gugadzina.rs\/en\/wp-json\/wp\/v2\/product"}],"about":[{"href":"https:\/\/gugadzina.rs\/en\/wp-json\/wp\/v2\/types\/product"}],"replies":[{"embeddable":true,"href":"https:\/\/gugadzina.rs\/en\/wp-json\/wp\/v2\/comments?post=38237"}],"wp:featuredmedia":[{"embeddable":true,"href":"https:\/\/gugadzina.rs\/en\/wp-json\/wp\/v2\/media\/38240"}],"wp:attachment":[{"href":"https:\/\/gugadzina.rs\/en\/wp-json\/wp\/v2\/media?parent=38237"}],"wp:term":[{"taxonomy":"product_brand","embeddable":true,"href":"https:\/\/gugadzina.rs\/en\/wp-json\/wp\/v2\/product_brand?post=38237"},{"taxonomy":"product_cat","embeddable":true,"href":"https:\/\/gugadzina.rs\/en\/wp-json\/wp\/v2\/product_cat?post=38237"},{"taxonomy":"product_tag","embeddable":true,"href":"https:\/\/gugadzina.rs\/en\/wp-json\/wp\/v2\/product_tag?post=38237"}],"curies":[{"name":"wp","href":"https:\/\/api.w.org\/{rel}","templated":true}]}}