{"id":38306,"date":"2026-03-06T09:11:16","date_gmt":"2026-03-06T09:11:16","guid":{"rendered":"https:\/\/gugadzina.rs\/?post_type=product&#038;p=38306"},"modified":"2026-04-19T12:42:25","modified_gmt":"2026-04-19T12:42:25","slug":"kecelja-maca","status":"publish","type":"product","link":"https:\/\/gugadzina.rs\/en\/prodavnica\/aksesoari\/kecelja-maca\/","title":{"rendered":"Kecelja Zeka Fender"},"content":{"rendered":"<p data-start=\"164\" data-end=\"180\"><strong data-start=\"164\" data-end=\"180\">Kecelja Zeka<\/strong><\/p>\n<p data-start=\"182\" data-end=\"447\">Inspirisana igrom i bezbri\u017eno\u0161\u0107u detinjstva, kecelja Zeka pretvara svaki trenutak u malu scenu za ma\u0161tu. Sa u\u0161ima koje ne\u017eno izviruju iznad \u0161arenog cvetnog dezena i laganim slojem tila koji se \u0161iri poput suknjice, ovaj komad je istovremeno i ode\u0107a i kostim za igru.<\/p>\n<p data-start=\"449\" data-end=\"717\">Napravljena od mekog pamu\u010dnog materijala sa cvetnim motivom, sa pa\u017eljivo oblikovanim detaljima lica i ne\u017enim tilom koji daje pokret, kecelja Zeka poziva decu da kroz igru istra\u017euju svet oko sebe,\u00a0 bilo da je to kuhinja, ba\u0161ta ili neka sasvim nova, izmi\u0161ljena avantura.<\/p>\n<p data-start=\"719\" data-end=\"833\">Kao i svi Gugad\u017eina komadi, nastala je u malim serijama samo 5 od veli\u010dine, uz pa\u017enju prema materijalu i principima odr\u017eive proizvodnje.<\/p>\n<p data-start=\"835\" data-end=\"898\">Dostupna u dve veli\u010dine:<br data-start=\"859\" data-end=\"862\" \/>2\u20133 \/ 3\u20134 godine<br data-start=\"878\" data-end=\"881\" \/>5\u20136 \/ 7\u20138 godina.<\/p>\n","protected":false},"excerpt":{"rendered":"<p>Kecelja Zeka Inspirisana igrom i bezbri\u017eno\u0161\u0107u detinjstva, kecelja Zeka pretvara svaki trenutak u malu scenu za ma\u0161tu. Sa u\u0161ima koje ne\u017eno izviruju iznad \u0161arenog cvetnog dezena i laganim slojem tila koji se \u0161iri poput suknjice, ovaj komad je istovremeno i ode\u0107a i kostim za igru. Napravljena od mekog pamu\u010dnog materijala sa cvetnim motivom, sa pa\u017eljivo [&hellip;]<\/p>\n","protected":false},"featured_media":38761,"comment_status":"open","ping_status":"closed","template":"","meta":[],"product_brand":[],"product_cat":[18,20,21,354],"product_tag":[],"class_list":{"0":"post-38306","1":"product","2":"type-product","3":"status-publish","4":"has-post-thumbnail","6":"product_cat-aksesoari","7":"product_cat-devojcice","8":"product_cat-oprema-za-maskenbale","9":"product_cat-uncategorized-sr","11":"first","12":"instock","13":"shipping-taxable","14":"purchasable","15":"product-type-variable","16":"wvs-archive-product-wrapper"},"_links":{"self":[{"href":"https:\/\/gugadzina.rs\/en\/wp-json\/wp\/v2\/product\/38306","targetHints":{"allow":["GET"]}}],"collection":[{"href":"https:\/\/gugadzina.rs\/en\/wp-json\/wp\/v2\/product"}],"about":[{"href":"https:\/\/gugadzina.rs\/en\/wp-json\/wp\/v2\/types\/product"}],"replies":[{"embeddable":true,"href":"https:\/\/gugadzina.rs\/en\/wp-json\/wp\/v2\/comments?post=38306"}],"wp:featuredmedia":[{"embeddable":true,"href":"https:\/\/gugadzina.rs\/en\/wp-json\/wp\/v2\/media\/38761"}],"wp:attachment":[{"href":"https:\/\/gugadzina.rs\/en\/wp-json\/wp\/v2\/media?parent=38306"}],"wp:term":[{"taxonomy":"product_brand","embeddable":true,"href":"https:\/\/gugadzina.rs\/en\/wp-json\/wp\/v2\/product_brand?post=38306"},{"taxonomy":"product_cat","embeddable":true,"href":"https:\/\/gugadzina.rs\/en\/wp-json\/wp\/v2\/product_cat?post=38306"},{"taxonomy":"product_tag","embeddable":true,"href":"https:\/\/gugadzina.rs\/en\/wp-json\/wp\/v2\/product_tag?post=38306"}],"curies":[{"name":"wp","href":"https:\/\/api.w.org\/{rel}","templated":true}]}}