{"id":38415,"date":"2025-11-13T09:11:50","date_gmt":"2025-11-13T09:11:50","guid":{"rendered":"https:\/\/gugadzina.rs\/?post_type=product&#038;p=38415"},"modified":"2026-03-05T18:40:44","modified_gmt":"2026-03-05T18:40:44","slug":"plast-vila","status":"publish","type":"product","link":"https:\/\/gugadzina.rs\/en\/prodavnica\/aksesoari\/plast-vila\/","title":{"rendered":"Pla\u0161t Vila"},"content":{"rendered":"<div class=\"flex-shrink-0 flex flex-col relative items-end\">\n<div class=\"pt-0\">\n<div class=\"gizmo-bot-avatar flex h-8 w-8 items-center justify-center overflow-hidden rounded-full\">\n<div class=\"relative p-1 rounded-sm flex items-center justify-center bg-token-main-surface-primary text-token-text-primary h-8 w-8\">\n<p><strong>Pla\u0161t &#8220;Vila&#8221;<\/strong> \u2013 Ru\u010dno ra\u0111en sa pa\u017enjom prema ekolo\u0161koj odr\u017eivosti, ovaj magi\u010dni pla\u0161t je savr\u0161en spoj umetnosti i odgovorne proizvodnje. Paspuliran lamiranom trakom unosi posebnu magi\u010dnu eneregiju u de\u010diju igru. Svaki deo je pa\u017eljivo izra\u0111en ru\u010dno, sa posebnim naglaskom na ekolo\u0161ke principe, jer nam je odr\u017eivost misija celog brenda.<\/p>\n<p>Idealno za fantasti\u010dne igre, uz po\u0161tovanje prema prirodi!<\/p>\n<\/div>\n<\/div>\n<\/div>\n<\/div>\n","protected":false},"excerpt":{"rendered":"<p>Pla\u0161t &#8220;Vila&#8221; \u2013 Ru\u010dno ra\u0111en sa pa\u017enjom prema ekolo\u0161koj odr\u017eivosti, ovaj magi\u010dni pla\u0161t je savr\u0161en spoj umetnosti i odgovorne proizvodnje. Paspuliran lamiranom trakom unosi posebnu magi\u010dnu eneregiju u de\u010diju igru. Svaki deo je pa\u017eljivo izra\u0111en ru\u010dno, sa posebnim naglaskom na ekolo\u0161ke principe, jer nam je odr\u017eivost misija celog brenda. Idealno za fantasti\u010dne igre, uz po\u0161tovanje [&hellip;]<\/p>\n","protected":false},"featured_media":38423,"comment_status":"closed","ping_status":"closed","template":"","meta":[],"product_brand":[],"product_cat":[18,21],"product_tag":[150,151,152,153,154],"class_list":{"0":"post-38415","1":"product","2":"type-product","3":"status-publish","4":"has-post-thumbnail","6":"product_cat-aksesoari","7":"product_cat-oprema-za-maskenbale","8":"product_tag-carobni","9":"product_tag-carobni-stapic","10":"product_tag-maskembal","11":"product_tag-oprema-za-maskembal","12":"product_tag-stapic","14":"first","15":"instock","16":"shipping-taxable","17":"purchasable","18":"product-type-simple"},"_links":{"self":[{"href":"https:\/\/gugadzina.rs\/en\/wp-json\/wp\/v2\/product\/38415","targetHints":{"allow":["GET"]}}],"collection":[{"href":"https:\/\/gugadzina.rs\/en\/wp-json\/wp\/v2\/product"}],"about":[{"href":"https:\/\/gugadzina.rs\/en\/wp-json\/wp\/v2\/types\/product"}],"replies":[{"embeddable":true,"href":"https:\/\/gugadzina.rs\/en\/wp-json\/wp\/v2\/comments?post=38415"}],"wp:featuredmedia":[{"embeddable":true,"href":"https:\/\/gugadzina.rs\/en\/wp-json\/wp\/v2\/media\/38423"}],"wp:attachment":[{"href":"https:\/\/gugadzina.rs\/en\/wp-json\/wp\/v2\/media?parent=38415"}],"wp:term":[{"taxonomy":"product_brand","embeddable":true,"href":"https:\/\/gugadzina.rs\/en\/wp-json\/wp\/v2\/product_brand?post=38415"},{"taxonomy":"product_cat","embeddable":true,"href":"https:\/\/gugadzina.rs\/en\/wp-json\/wp\/v2\/product_cat?post=38415"},{"taxonomy":"product_tag","embeddable":true,"href":"https:\/\/gugadzina.rs\/en\/wp-json\/wp\/v2\/product_tag?post=38415"}],"curies":[{"name":"wp","href":"https:\/\/api.w.org\/{rel}","templated":true}]}}