{"id":38515,"date":"2025-02-11T16:52:56","date_gmt":"2025-02-11T16:52:56","guid":{"rendered":"https:\/\/gugadzina.rs\/?post_type=product&#038;p=38515"},"modified":"2026-01-22T14:03:18","modified_gmt":"2026-01-22T14:03:18","slug":"salkapa-pile","status":"publish","type":"product","link":"https:\/\/gugadzina.rs\/en\/prodavnica\/aksesoari\/kape-i-sesiri\/salkapa-pile\/","title":{"rendered":"\u0160alkapa Pile"},"content":{"rendered":"<p><strong>\u0160alkapa Pile<\/strong> je jedinstven i prakti\u010dan dodatak va\u0161oj garderobi, dizajniran za udobnost, toplinu i stil. Ovaj vi\u0161enamenski komad kombinuje \u0161al i kapu u jednom, pru\u017eaju\u0107i savr\u0161enu za\u0161titu od hladno\u0107e i vetra, uz modernu estetsku notu.<\/p>\n<p>Izra\u0111ena je od visokokvalitetnih materijala: spolja\u0161nja strana je od me\u0161avine 88% pamuka i 12% poliester, \u0161to joj daje dugotrajnost i otpornost, dok je unutra\u0161nja postava od 100% organskog pamuka, ne\u017enog prema ko\u017ei i idealnog za svakodnevno no\u0161enje. Ovaj izbor materijala osigurava udobnost i toplinu.<\/p>\n<p><strong>Ekolo\u0161ka osve\u0161\u0107enost<\/strong> jedan je od klju\u010dnih principa u proizvodnji ovog modela. \u0160alkapa Pile dolazi iz odr\u017eive proizvodnje koja ne ostavlja otpad iza sebe, smanjuju\u0107i negativan uticaj na \u017eivotnu sredinu.<\/p>\n<p>Veli\u010dine se odnose na godine.<\/p>\n<p>&nbsp;<\/p>\n","protected":false},"excerpt":{"rendered":"<p>\u0160alkapa Pile je jedinstven i prakti\u010dan dodatak va\u0161oj garderobi, dizajniran za udobnost, toplinu i stil. Ovaj vi\u0161enamenski komad kombinuje \u0161al i kapu u jednom, pru\u017eaju\u0107i savr\u0161enu za\u0161titu od hladno\u0107e i vetra, uz modernu estetsku notu. Izra\u0111ena je od visokokvalitetnih materijala: spolja\u0161nja strana je od me\u0161avine 88% pamuka i 12% poliester, \u0161to joj daje dugotrajnost i [&hellip;]<\/p>\n","protected":false},"featured_media":35891,"comment_status":"closed","ping_status":"closed","template":"","meta":[],"product_brand":[],"product_cat":[20,70,292],"product_tag":[],"class_list":{"0":"post-38515","1":"product","2":"type-product","3":"status-publish","4":"has-post-thumbnail","6":"product_cat-devojcice","7":"product_cat-kape-i-sesiri","8":"product_cat-snizenje","10":"first","11":"instock","12":"sale","13":"featured","14":"shipping-taxable","15":"purchasable","16":"product-type-variable","17":"wvs-archive-product-wrapper"},"_links":{"self":[{"href":"https:\/\/gugadzina.rs\/en\/wp-json\/wp\/v2\/product\/38515","targetHints":{"allow":["GET"]}}],"collection":[{"href":"https:\/\/gugadzina.rs\/en\/wp-json\/wp\/v2\/product"}],"about":[{"href":"https:\/\/gugadzina.rs\/en\/wp-json\/wp\/v2\/types\/product"}],"replies":[{"embeddable":true,"href":"https:\/\/gugadzina.rs\/en\/wp-json\/wp\/v2\/comments?post=38515"}],"wp:featuredmedia":[{"embeddable":true,"href":"https:\/\/gugadzina.rs\/en\/wp-json\/wp\/v2\/media\/35891"}],"wp:attachment":[{"href":"https:\/\/gugadzina.rs\/en\/wp-json\/wp\/v2\/media?parent=38515"}],"wp:term":[{"taxonomy":"product_brand","embeddable":true,"href":"https:\/\/gugadzina.rs\/en\/wp-json\/wp\/v2\/product_brand?post=38515"},{"taxonomy":"product_cat","embeddable":true,"href":"https:\/\/gugadzina.rs\/en\/wp-json\/wp\/v2\/product_cat?post=38515"},{"taxonomy":"product_tag","embeddable":true,"href":"https:\/\/gugadzina.rs\/en\/wp-json\/wp\/v2\/product_tag?post=38515"}],"curies":[{"name":"wp","href":"https:\/\/api.w.org\/{rel}","templated":true}]}}