{"id":38556,"date":"2025-12-18T09:52:14","date_gmt":"2025-12-18T09:52:14","guid":{"rendered":"https:\/\/gugadzina.rs\/?post_type=product&#038;p=38556"},"modified":"2026-03-10T05:57:44","modified_gmt":"2026-03-10T05:57:44","slug":"sako-retro-pruga","status":"publish","type":"product","link":"https:\/\/gugadzina.rs\/en\/prodavnica\/devojcice\/gornji-deo-devojcice\/sako-retro-pruga\/","title":{"rendered":"Sako Retro pruga"},"content":{"rendered":"<p data-start=\"68\" data-end=\"364\"><strong data-start=\"68\" data-end=\"89\">Sako Retro Pruga<\/strong><br data-start=\"89\" data-end=\"92\" \/>Sako od kepere, sa <strong data-start=\"111\" data-end=\"142\">uspravnim prugastim dezenom<\/strong>, izra\u0111en od 95% pamuka i 5% elastina, nosi duh pro\u0161lih decenija preto\u010den u savremeni kroj.<br data-start=\"233\" data-end=\"236\" \/>Posebnost svakog komada \u010dine <strong data-start=\"265\" data-end=\"318\">originalne retro aplikacije iz devedesetih godina<\/strong>, pa\u017eljivo pri\u0161ivene i sa\u010duvane od zaborava.<\/p>\n<p data-start=\"366\" data-end=\"628\">Svaki sako je <strong data-start=\"380\" data-end=\"390\">unikat, <\/strong>\u00a0aplikacije se razlikuju od komada do komada: negde je <strong data-start=\"447\" data-end=\"457\">konji\u0107<\/strong>, negde <strong data-start=\"465\" data-end=\"483\">kuca na le\u0111ima<\/strong>, dok se na reveru svakog modela nalazi <strong data-start=\"523\" data-end=\"542\">retro Miki Maus<\/strong>. Aplikacije na le\u0111ima su u upe\u010datljivoj <strong data-start=\"577\" data-end=\"596\">fluo \u017eutoj boji<\/strong>, kao sna\u017ean vizuelni akcenat.<\/p>\n<p data-start=\"630\" data-end=\"795\" data-is-last-node=\"\" data-is-only-node=\"\">Izra\u0111en u <strong data-start=\"640\" data-end=\"671\">samo dva komada po veli\u010dini<\/strong>, ovaj sako je spoj odr\u017eivosti, nostalgije i hrabre individualnosti. Komad koji se ne ponavlja i ne prilago\u0111ava trendovima.<\/p>\n","protected":false},"excerpt":{"rendered":"<p>Sako Retro PrugaSako od kepere, sa uspravnim prugastim dezenom, izra\u0111en od 95% pamuka i 5% elastina, nosi duh pro\u0161lih decenija preto\u010den u savremeni kroj.Posebnost svakog komada \u010dine originalne retro aplikacije iz devedesetih godina, pa\u017eljivo pri\u0161ivene i sa\u010duvane od zaborava. Svaki sako je unikat, \u00a0aplikacije se razlikuju od komada do komada: negde je konji\u0107, negde kuca [&hellip;]<\/p>\n","protected":false},"featured_media":38539,"comment_status":"open","ping_status":"closed","template":"","meta":[],"product_brand":[],"product_cat":[20,23,293],"product_tag":[],"class_list":{"0":"post-38556","1":"product","2":"type-product","3":"status-publish","4":"has-post-thumbnail","6":"product_cat-devojcice","7":"product_cat-gornji-deo-devojcice","8":"product_cat-reciklirano-redizajnirano","10":"first","11":"instock","12":"shipping-taxable","13":"purchasable","14":"product-type-variable","15":"wvs-archive-product-wrapper"},"_links":{"self":[{"href":"https:\/\/gugadzina.rs\/en\/wp-json\/wp\/v2\/product\/38556","targetHints":{"allow":["GET"]}}],"collection":[{"href":"https:\/\/gugadzina.rs\/en\/wp-json\/wp\/v2\/product"}],"about":[{"href":"https:\/\/gugadzina.rs\/en\/wp-json\/wp\/v2\/types\/product"}],"replies":[{"embeddable":true,"href":"https:\/\/gugadzina.rs\/en\/wp-json\/wp\/v2\/comments?post=38556"}],"wp:featuredmedia":[{"embeddable":true,"href":"https:\/\/gugadzina.rs\/en\/wp-json\/wp\/v2\/media\/38539"}],"wp:attachment":[{"href":"https:\/\/gugadzina.rs\/en\/wp-json\/wp\/v2\/media?parent=38556"}],"wp:term":[{"taxonomy":"product_brand","embeddable":true,"href":"https:\/\/gugadzina.rs\/en\/wp-json\/wp\/v2\/product_brand?post=38556"},{"taxonomy":"product_cat","embeddable":true,"href":"https:\/\/gugadzina.rs\/en\/wp-json\/wp\/v2\/product_cat?post=38556"},{"taxonomy":"product_tag","embeddable":true,"href":"https:\/\/gugadzina.rs\/en\/wp-json\/wp\/v2\/product_tag?post=38556"}],"curies":[{"name":"wp","href":"https:\/\/api.w.org\/{rel}","templated":true}]}}