{"id":38597,"date":"2025-12-26T08:24:12","date_gmt":"2025-12-26T08:24:12","guid":{"rendered":"https:\/\/gugadzina.rs\/?post_type=product&#038;p=38597"},"modified":"2026-04-21T08:12:08","modified_gmt":"2026-04-21T08:12:08","slug":"ogrlica-za-ng-zelje","status":"publish","type":"product","link":"https:\/\/gugadzina.rs\/en\/prodavnica\/aksesoari\/ostalo\/ogrlica-za-ng-zelje\/","title":{"rendered":"Ogrlica za tajne"},"content":{"rendered":"<p data-start=\"87\" data-end=\"294\"><strong data-start=\"87\" data-end=\"113\">Ogrlica za tajne<\/strong><br data-start=\"113\" data-end=\"116\" \/>Malo pismo koje se nosi blizu srca.<br data-start=\"151\" data-end=\"154\" \/>Ova ogrlica od srebrne ve\u0161ta\u010dke ko\u017ee otvara se i \u010duva ono \u0161to ne mora svako da zna. \u017delju, misao, obe\u0107anje ili tajnu namenjenu samo tebi.<\/p>\n<p data-start=\"296\" data-end=\"487\">Kanap se lako pode\u0161ava na \u017eeljenu du\u017einu, pa se pismo mo\u017ee nositi kao diskretan talisman ili upe\u010datljiv detalj.<br data-start=\"407\" data-end=\"410\" \/>Stvorena za novogodi\u0161nje \u017eelje, ali i za sve one koje ne \u010dekaju kalendar. \u2728<\/p>\n<p>Materijal:\u00a0Kombinovani materijali<\/p>\n<p>dimenzije koverte 4,5x3cm<\/p>\n","protected":false},"excerpt":{"rendered":"<p>Ogrlica za tajneMalo pismo koje se nosi blizu srca.Ova ogrlica od srebrne ve\u0161ta\u010dke ko\u017ee otvara se i \u010duva ono \u0161to ne mora svako da zna. \u017delju, misao, obe\u0107anje ili tajnu namenjenu samo tebi. Kanap se lako pode\u0161ava na \u017eeljenu du\u017einu, pa se pismo mo\u017ee nositi kao diskretan talisman ili upe\u010datljiv detalj.Stvorena za novogodi\u0161nje \u017eelje, ali [&hellip;]<\/p>\n","protected":false},"featured_media":38598,"comment_status":"closed","ping_status":"closed","template":"","meta":[],"product_brand":[],"product_cat":[18,22],"product_tag":[],"class_list":{"0":"post-38597","1":"product","2":"type-product","3":"status-publish","4":"has-post-thumbnail","6":"product_cat-aksesoari","7":"product_cat-ostalo","9":"first","10":"instock","11":"shipping-taxable","12":"purchasable","13":"product-type-simple"},"_links":{"self":[{"href":"https:\/\/gugadzina.rs\/en\/wp-json\/wp\/v2\/product\/38597","targetHints":{"allow":["GET"]}}],"collection":[{"href":"https:\/\/gugadzina.rs\/en\/wp-json\/wp\/v2\/product"}],"about":[{"href":"https:\/\/gugadzina.rs\/en\/wp-json\/wp\/v2\/types\/product"}],"replies":[{"embeddable":true,"href":"https:\/\/gugadzina.rs\/en\/wp-json\/wp\/v2\/comments?post=38597"}],"wp:featuredmedia":[{"embeddable":true,"href":"https:\/\/gugadzina.rs\/en\/wp-json\/wp\/v2\/media\/38598"}],"wp:attachment":[{"href":"https:\/\/gugadzina.rs\/en\/wp-json\/wp\/v2\/media?parent=38597"}],"wp:term":[{"taxonomy":"product_brand","embeddable":true,"href":"https:\/\/gugadzina.rs\/en\/wp-json\/wp\/v2\/product_brand?post=38597"},{"taxonomy":"product_cat","embeddable":true,"href":"https:\/\/gugadzina.rs\/en\/wp-json\/wp\/v2\/product_cat?post=38597"},{"taxonomy":"product_tag","embeddable":true,"href":"https:\/\/gugadzina.rs\/en\/wp-json\/wp\/v2\/product_tag?post=38597"}],"curies":[{"name":"wp","href":"https:\/\/api.w.org\/{rel}","templated":true}]}}