{"id":38644,"date":"2026-01-19T09:00:04","date_gmt":"2026-01-19T09:00:04","guid":{"rendered":"https:\/\/gugadzina.rs\/?post_type=product&#038;p=38644"},"modified":"2026-05-11T13:04:55","modified_gmt":"2026-05-11T13:04:55","slug":"gumica-skranci-laste","status":"publish","type":"product","link":"https:\/\/gugadzina.rs\/en\/prodavnica\/aksesoari\/aksesoari-za-kosu\/gumica-skranci-laste\/","title":{"rendered":"Gumica skran\u010di Laste"},"content":{"rendered":"<p data-start=\"67\" data-end=\"93\"><strong data-start=\"67\" data-end=\"93\">Gumica za kosu \u201eLaste\u201c<\/strong><\/p>\n<p data-start=\"95\" data-end=\"278\">Skran\u010di nastao od ostataka jedne davne kolekcije. Lagan, mekan i razigran, ba\u0161 kao jato lasta u letu.<br data-start=\"175\" data-end=\"178\" \/>Duge rese koje prate pokret kose i svaku frizuru pretvaraju frizuru u mali ples boja i linija.<\/p>\n<p data-start=\"280\" data-end=\"395\" data-is-last-node=\"\" data-is-only-node=\"\">Ograni\u010dena serija, izra\u0111ena ru\u010dno.<br data-start=\"356\" data-end=\"359\" \/>Mali detalj koji nosi veliku lako\u0107u.<\/p>\n<p>Materijal: 100% pamuk , rese saten<\/p>\n<p>&nbsp;<\/p>\n<p>&nbsp;<\/p>\n<p>&nbsp;<\/p>\n<p>&nbsp;<\/p>\n","protected":false},"excerpt":{"rendered":"<p>Gumica za kosu \u201eLaste\u201c Skran\u010di nastao od ostataka jedne davne kolekcije. Lagan, mekan i razigran, ba\u0161 kao jato lasta u letu.Duge rese koje prate pokret kose i svaku frizuru pretvaraju frizuru u mali ples boja i linija. Ograni\u010dena serija, izra\u0111ena ru\u010dno.Mali detalj koji nosi veliku lako\u0107u. Materijal: 100% pamuk , rese saten &nbsp; &nbsp; &nbsp; [&hellip;]<\/p>\n","protected":false},"featured_media":38649,"comment_status":"open","ping_status":"closed","template":"","meta":[],"product_brand":[],"product_cat":[18,63],"product_tag":[124,400,126],"class_list":{"0":"post-38644","1":"product","2":"type-product","3":"status-publish","4":"has-post-thumbnail","6":"product_cat-aksesoari","7":"product_cat-aksesoari-za-kosu","8":"product_tag-gumica","9":"product_tag-laste","10":"product_tag-skranci","12":"first","13":"instock","14":"shipping-taxable","15":"purchasable","16":"product-type-simple"},"_links":{"self":[{"href":"https:\/\/gugadzina.rs\/en\/wp-json\/wp\/v2\/product\/38644","targetHints":{"allow":["GET"]}}],"collection":[{"href":"https:\/\/gugadzina.rs\/en\/wp-json\/wp\/v2\/product"}],"about":[{"href":"https:\/\/gugadzina.rs\/en\/wp-json\/wp\/v2\/types\/product"}],"replies":[{"embeddable":true,"href":"https:\/\/gugadzina.rs\/en\/wp-json\/wp\/v2\/comments?post=38644"}],"wp:featuredmedia":[{"embeddable":true,"href":"https:\/\/gugadzina.rs\/en\/wp-json\/wp\/v2\/media\/38649"}],"wp:attachment":[{"href":"https:\/\/gugadzina.rs\/en\/wp-json\/wp\/v2\/media?parent=38644"}],"wp:term":[{"taxonomy":"product_brand","embeddable":true,"href":"https:\/\/gugadzina.rs\/en\/wp-json\/wp\/v2\/product_brand?post=38644"},{"taxonomy":"product_cat","embeddable":true,"href":"https:\/\/gugadzina.rs\/en\/wp-json\/wp\/v2\/product_cat?post=38644"},{"taxonomy":"product_tag","embeddable":true,"href":"https:\/\/gugadzina.rs\/en\/wp-json\/wp\/v2\/product_tag?post=38644"}],"curies":[{"name":"wp","href":"https:\/\/api.w.org\/{rel}","templated":true}]}}