{"id":38661,"date":"2026-01-26T11:44:33","date_gmt":"2026-01-26T11:44:33","guid":{"rendered":"https:\/\/gugadzina.rs\/?post_type=product&#038;p=38661"},"modified":"2026-03-16T15:39:48","modified_gmt":"2026-03-16T15:39:48","slug":"rajf-krunica","status":"publish","type":"product","link":"https:\/\/gugadzina.rs\/en\/prodavnica\/aksesoari\/aksesoari-za-kosu\/rajf-krunica\/","title":{"rendered":"Rajf Krunica Zora"},"content":{"rendered":"<div class=\"flex-shrink-0 flex flex-col relative items-end\">\n<div class=\"pt-0\">\n<div class=\"gizmo-bot-avatar flex h-8 w-8 items-center justify-center overflow-hidden rounded-full\">\n<div class=\"flex-shrink-0 flex flex-col relative items-end\">\n<div class=\"pt-0\">\n<div class=\"gizmo-bot-avatar flex h-8 w-8 items-center justify-center overflow-hidden rounded-full\">\n<div class=\"relative p-1 rounded-sm flex items-center justify-center bg-token-main-surface-primary text-token-text-primary h-8 w-8\">\n<p><strong data-start=\"67\" data-end=\"83\">Rajf Krunica Zora<\/strong><\/p>\n<p data-start=\"135\" data-end=\"422\">Rajf \u201eKrunica\u201c nastao je iz na\u0161ih malih ostataka materijala, pretvorenih u meke, ru\u010dno oblikovane vrhove koji zajedno crtaju malu, razigranu krunu.<br data-start=\"283\" data-end=\"286\" \/>Lagan, udoban i pa\u017eljivo izra\u0111en, ovaj rajf donosi da\u0161ak boje i ma\u0161te u svakodnevnu igru, proslavu ili neku li\u010dnu, tihu princezu u nama.<\/p>\n<p data-start=\"424\" data-end=\"527\" data-is-last-node=\"\" data-is-only-node=\"\">Svaki komad je unikat, napravljen ru\u010dno u na\u0161oj radionici na Avali, u duhu nulte otpada i odr\u017eive mode.<\/p>\n<\/div>\n<\/div>\n<\/div>\n<\/div>\n<div class=\"group\/conversation-turn relative flex w-full min-w-0 flex-col agent-turn\">\n<div class=\"flex-col gap-1 md:gap-3\">\n<div class=\"flex max-w-full flex-col flex-grow\">\n<div class=\"min-h-8 text-message flex w-full flex-col items-end gap-2 whitespace-normal break-words [.text-message+&amp;]:mt-5\" dir=\"auto\" data-message-author-role=\"assistant\" data-message-id=\"ae51b25d-c9a0-4134-bf7c-2621429df8f7\" data-message-model-slug=\"gpt-4o\">\n<div class=\"flex w-full flex-col gap-1 empty:hidden first:pt-[3px]\">\n<div class=\"markdown prose w-full break-words dark:prose-invert light\">\n<p>&nbsp;<\/p>\n<\/div>\n<\/div>\n<\/div>\n<\/div>\n<\/div>\n<\/div>\n<\/div>\n<\/div>\n<\/div>\n<p>&nbsp;<\/p>\n<p>&nbsp;<\/p>\n<p>&nbsp;<\/p>\n<p>&nbsp;<\/p>\n","protected":false},"excerpt":{"rendered":"<p>Rajf Krunica Zora Rajf \u201eKrunica\u201c nastao je iz na\u0161ih malih ostataka materijala, pretvorenih u meke, ru\u010dno oblikovane vrhove koji zajedno crtaju malu, razigranu krunu.Lagan, udoban i pa\u017eljivo izra\u0111en, ovaj rajf donosi da\u0161ak boje i ma\u0161te u svakodnevnu igru, proslavu ili neku li\u010dnu, tihu princezu u nama. Svaki komad je unikat, napravljen ru\u010dno u na\u0161oj radionici [&hellip;]<\/p>\n","protected":false},"featured_media":38666,"comment_status":"closed","ping_status":"closed","template":"","meta":[],"product_brand":[],"product_cat":[18,63,21],"product_tag":[143,242],"class_list":{"0":"post-38661","1":"product","2":"type-product","3":"status-publish","4":"has-post-thumbnail","6":"product_cat-aksesoari","7":"product_cat-aksesoari-za-kosu","8":"product_cat-oprema-za-maskenbale","9":"product_tag-masna","10":"product_tag-rajf","12":"first","13":"instock","14":"shipping-taxable","15":"purchasable","16":"product-type-simple"},"_links":{"self":[{"href":"https:\/\/gugadzina.rs\/en\/wp-json\/wp\/v2\/product\/38661","targetHints":{"allow":["GET"]}}],"collection":[{"href":"https:\/\/gugadzina.rs\/en\/wp-json\/wp\/v2\/product"}],"about":[{"href":"https:\/\/gugadzina.rs\/en\/wp-json\/wp\/v2\/types\/product"}],"replies":[{"embeddable":true,"href":"https:\/\/gugadzina.rs\/en\/wp-json\/wp\/v2\/comments?post=38661"}],"wp:featuredmedia":[{"embeddable":true,"href":"https:\/\/gugadzina.rs\/en\/wp-json\/wp\/v2\/media\/38666"}],"wp:attachment":[{"href":"https:\/\/gugadzina.rs\/en\/wp-json\/wp\/v2\/media?parent=38661"}],"wp:term":[{"taxonomy":"product_brand","embeddable":true,"href":"https:\/\/gugadzina.rs\/en\/wp-json\/wp\/v2\/product_brand?post=38661"},{"taxonomy":"product_cat","embeddable":true,"href":"https:\/\/gugadzina.rs\/en\/wp-json\/wp\/v2\/product_cat?post=38661"},{"taxonomy":"product_tag","embeddable":true,"href":"https:\/\/gugadzina.rs\/en\/wp-json\/wp\/v2\/product_tag?post=38661"}],"curies":[{"name":"wp","href":"https:\/\/api.w.org\/{rel}","templated":true}]}}