{"id":38906,"date":"2026-04-04T08:56:12","date_gmt":"2026-04-04T08:56:12","guid":{"rendered":"https:\/\/gugadzina.rs\/?post_type=product&#038;p=38906"},"modified":"2026-04-16T15:26:42","modified_gmt":"2026-04-16T15:26:42","slug":"carobni-stapic-list","status":"publish","type":"product","link":"https:\/\/gugadzina.rs\/en\/prodavnica\/aksesoari\/carobni-stapic-list\/","title":{"rendered":"\u010carobni \u0161tapi\u0107 List"},"content":{"rendered":"<p data-start=\"66\" data-end=\"89\"><strong data-start=\"66\" data-end=\"89\">\u010carobni \u0161tapi\u0107 List<\/strong><\/p>\n<p data-start=\"91\" data-end=\"187\">Kao da je otrgnut iz prole\u0107a, \u010darobni \u0161tapi\u0107 u obliku lista nosi u sebi pokret, lako\u0107u i igru.<\/p>\n<p data-start=\"189\" data-end=\"338\">Sa vrhom u formi lista i trakama koje se ne\u017eno spu\u0161taju i prate svaki pokret ruke, postaje deo malih rituala, izmi\u0161ljenih svetova i tihih \u010darolija.<\/p>\n<p data-start=\"340\" data-end=\"473\">Svaki detalj izra\u0111en je ru\u010dno, od oblika lista do pa\u017eljivo biranih traka u prole\u0107nim bojama,\u00a0 pa je svaki \u0161tapi\u0107 jedinstven, kao i igra koju pokre\u0107e.<\/p>\n<p data-start=\"475\" data-end=\"573\">Nastaje u malim serijama, uz principe odr\u017eive proizvodnje, od materijala koji dobijaju novi \u017eivot.<\/p>\n<p data-start=\"475\" data-end=\"573\">(Kerami\u010dki rami\u0107i na zidu profilne slike su radovi kerami\u010darke Milice Paji\u0107, suvlasnice brenda gugad\u017eina, ig profil Prasica)<\/p>\n","protected":false},"excerpt":{"rendered":"<p>\u010carobni \u0161tapi\u0107 List Kao da je otrgnut iz prole\u0107a, \u010darobni \u0161tapi\u0107 u obliku lista nosi u sebi pokret, lako\u0107u i igru. Sa vrhom u formi lista i trakama koje se ne\u017eno spu\u0161taju i prate svaki pokret ruke, postaje deo malih rituala, izmi\u0161ljenih svetova i tihih \u010darolija. Svaki detalj izra\u0111en je ru\u010dno, od oblika lista do [&hellip;]<\/p>\n","protected":false},"featured_media":38905,"comment_status":"closed","ping_status":"closed","template":"","meta":[],"product_brand":[],"product_cat":[18,19,21],"product_tag":[150,151,234,235,154],"class_list":{"0":"post-38906","1":"product","2":"type-product","3":"status-publish","4":"has-post-thumbnail","6":"product_cat-aksesoari","7":"product_cat-decaci","8":"product_cat-oprema-za-maskenbale","9":"product_tag-carobni","10":"product_tag-carobni-stapic","11":"product_tag-maskenbal","12":"product_tag-oprema-za-maskenbal","13":"product_tag-stapic","15":"first","16":"instock","17":"shipping-taxable","18":"purchasable","19":"product-type-simple"},"_links":{"self":[{"href":"https:\/\/gugadzina.rs\/en\/wp-json\/wp\/v2\/product\/38906","targetHints":{"allow":["GET"]}}],"collection":[{"href":"https:\/\/gugadzina.rs\/en\/wp-json\/wp\/v2\/product"}],"about":[{"href":"https:\/\/gugadzina.rs\/en\/wp-json\/wp\/v2\/types\/product"}],"replies":[{"embeddable":true,"href":"https:\/\/gugadzina.rs\/en\/wp-json\/wp\/v2\/comments?post=38906"}],"wp:featuredmedia":[{"embeddable":true,"href":"https:\/\/gugadzina.rs\/en\/wp-json\/wp\/v2\/media\/38905"}],"wp:attachment":[{"href":"https:\/\/gugadzina.rs\/en\/wp-json\/wp\/v2\/media?parent=38906"}],"wp:term":[{"taxonomy":"product_brand","embeddable":true,"href":"https:\/\/gugadzina.rs\/en\/wp-json\/wp\/v2\/product_brand?post=38906"},{"taxonomy":"product_cat","embeddable":true,"href":"https:\/\/gugadzina.rs\/en\/wp-json\/wp\/v2\/product_cat?post=38906"},{"taxonomy":"product_tag","embeddable":true,"href":"https:\/\/gugadzina.rs\/en\/wp-json\/wp\/v2\/product_tag?post=38906"}],"curies":[{"name":"wp","href":"https:\/\/api.w.org\/{rel}","templated":true}]}}