{"id":38934,"date":"2026-04-11T11:07:37","date_gmt":"2026-04-11T11:07:37","guid":{"rendered":"https:\/\/gugadzina.rs\/?post_type=product&#038;p=38934"},"modified":"2026-04-15T14:40:37","modified_gmt":"2026-04-15T14:40:37","slug":"suknja-sorc-trag-boje","status":"publish","type":"product","link":"https:\/\/gugadzina.rs\/en\/prodavnica\/devojcice\/suknja-sorc-trag-boje\/","title":{"rendered":"Suknja\/\u0161orc Trag boje"},"content":{"rendered":"<section class=\"text-token-text-primary w-full focus:outline-none [--shadow-height:45px] has-data-writing-block:pointer-events-none has-data-writing-block:-mt-(--shadow-height) has-data-writing-block:pt-(--shadow-height) [&amp;:has([data-writing-block])&gt;*]:pointer-events-auto scroll-mt-[calc(var(--header-height)+min(200px,max(70px,20svh)))]\" dir=\"auto\" data-turn-id=\"request-681b179c-7310-8004-8cfc-8c515f604e37-3\" data-testid=\"conversation-turn-411\" data-scroll-anchor=\"true\" data-turn=\"assistant\">\n<div class=\"text-base my-auto mx-auto pb-10 [--thread-content-margin:var(--thread-content-margin-xs,calc(var(--spacing)*4))] @w-sm\/main:[--thread-content-margin:var(--thread-content-margin-sm,calc(var(--spacing)*6))] @w-lg\/main:[--thread-content-margin:var(--thread-content-margin-lg,calc(var(--spacing)*16))] px-(--thread-content-margin)\">\n<div class=\"[--thread-content-max-width:40rem] @w-lg\/main:[--thread-content-max-width:48rem] mx-auto max-w-(--thread-content-max-width) flex-1 group\/turn-messages focus-visible:outline-hidden relative flex w-full min-w-0 flex-col agent-turn\">\n<div class=\"flex max-w-full flex-col gap-4 grow\">\n<div class=\"min-h-8 text-message relative flex w-full flex-col items-end gap-2 text-start break-words whitespace-normal outline-none keyboard-focused:focus-ring [.text-message+&amp;]:mt-1\" dir=\"auto\" tabindex=\"0\" data-message-author-role=\"assistant\" data-message-id=\"46fc27e1-0794-469c-8203-8302ec3ba362\" data-message-model-slug=\"gpt-5-3\" data-turn-start-message=\"true\">\n<div class=\"flex w-full flex-col gap-1 empty:hidden\">\n<div class=\"markdown prose dark:prose-invert w-full wrap-break-word light markdown-new-styling\">\n<blockquote>\n<p data-start=\"68\" data-end=\"88\"><strong data-start=\"68\" data-end=\"88\">Suknja\/\u0161orc Trag boje<\/strong><\/p>\n<\/blockquote>\n<p data-start=\"90\" data-end=\"150\">Lagana kao pokret, razigrana kao pri\u010da koja se tek stvara.<\/p>\n<p data-start=\"152\" data-end=\"370\">Suknja Trag boje nosi slojeve, ne samo materijala, ve\u0107 i uspomene jedne akvarel pri\u010de.<\/p>\n<p data-start=\"152\" data-end=\"370\">Na prvom sloju tila nalaze se ru\u010dno ra\u0111ene aplikacije, nastale od ostataka materijala koji su dobili novi oblik i novo zna\u010denje.<\/p>\n<p data-start=\"372\" data-end=\"542\">Ispod tila nalazi se pamu\u010dni \u0161orc (100% pamuk), koji daje slobodu kretanja i bezbri\u017enost u igri, dok pojas sa zlatnim prugama ne\u017eno dr\u017ei formu i dodaje svetlost celini.<\/p>\n<p data-start=\"544\" data-end=\"669\">Nastaje u malim serijama, u duhu odr\u017eive proizvodnje i principa nultog otpada, gde svaki komad nosi svoj jedinstveni trag.<\/p>\n<p data-start=\"671\" data-end=\"728\" data-is-last-node=\"\" data-is-only-node=\"\">Dostupna u veli\u010dinama:<br data-start=\"693\" data-end=\"696\" \/>1-2\/2-3, 3\u20134 \/ 5\u20136\u00a0 i\u00a0 7\u20138 \/ 9\u201310 godina.<\/p>\n<\/div>\n<\/div>\n<\/div>\n<\/div>\n<div class=\"z-0 flex min-h-[46px] justify-start\"><\/div>\n<div class=\"mt-3 w-full empty:hidden\">\n<div class=\"text-center\"><\/div>\n<\/div>\n<\/div>\n<\/div>\n<\/section>\n<div class=\"pointer-events-none -mt-px h-px translate-y-[calc(var(--scroll-root-safe-area-inset-bottom)-14*var(--spacing))]\" aria-hidden=\"true\"><\/div>\n","protected":false},"excerpt":{"rendered":"<p>Suknja\/\u0161orc Trag boje Lagana kao pokret, razigrana kao pri\u010da koja se tek stvara. Suknja Trag boje nosi slojeve, ne samo materijala, ve\u0107 i uspomene jedne akvarel pri\u010de. Na prvom sloju tila nalaze se ru\u010dno ra\u0111ene aplikacije, nastale od ostataka materijala koji su dobili novi oblik i novo zna\u010denje. Ispod tila nalazi se pamu\u010dni \u0161orc (100% [&hellip;]<\/p>\n","protected":false},"featured_media":38937,"comment_status":"open","ping_status":"closed","template":"","meta":[],"product_brand":[],"product_cat":[20,27],"product_tag":[],"class_list":{"0":"post-38934","1":"product","2":"type-product","3":"status-publish","4":"has-post-thumbnail","6":"product_cat-devojcice","7":"product_cat-donji-deo-devojcice","9":"first","10":"instock","11":"shipping-taxable","12":"purchasable","13":"product-type-variable","14":"wvs-archive-product-wrapper"},"_links":{"self":[{"href":"https:\/\/gugadzina.rs\/en\/wp-json\/wp\/v2\/product\/38934","targetHints":{"allow":["GET"]}}],"collection":[{"href":"https:\/\/gugadzina.rs\/en\/wp-json\/wp\/v2\/product"}],"about":[{"href":"https:\/\/gugadzina.rs\/en\/wp-json\/wp\/v2\/types\/product"}],"replies":[{"embeddable":true,"href":"https:\/\/gugadzina.rs\/en\/wp-json\/wp\/v2\/comments?post=38934"}],"wp:featuredmedia":[{"embeddable":true,"href":"https:\/\/gugadzina.rs\/en\/wp-json\/wp\/v2\/media\/38937"}],"wp:attachment":[{"href":"https:\/\/gugadzina.rs\/en\/wp-json\/wp\/v2\/media?parent=38934"}],"wp:term":[{"taxonomy":"product_brand","embeddable":true,"href":"https:\/\/gugadzina.rs\/en\/wp-json\/wp\/v2\/product_brand?post=38934"},{"taxonomy":"product_cat","embeddable":true,"href":"https:\/\/gugadzina.rs\/en\/wp-json\/wp\/v2\/product_cat?post=38934"},{"taxonomy":"product_tag","embeddable":true,"href":"https:\/\/gugadzina.rs\/en\/wp-json\/wp\/v2\/product_tag?post=38934"}],"curies":[{"name":"wp","href":"https:\/\/api.w.org\/{rel}","templated":true}]}}