{"id":38963,"date":"2026-04-23T08:05:06","date_gmt":"2026-04-23T08:05:06","guid":{"rendered":"https:\/\/gugadzina.rs\/?post_type=product&#038;p=38963"},"modified":"2026-04-23T08:11:19","modified_gmt":"2026-04-23T08:11:19","slug":"kombinezon-mali-oblaci","status":"publish","type":"product","link":"https:\/\/gugadzina.rs\/en\/prodavnica\/odrasli\/kombinezon-mali-oblaci\/","title":{"rendered":"Kombinezon Mali oblaci"},"content":{"rendered":"<div class=\"\" data-turn-id-container=\"request-681b179c-7310-8004-8cfc-8c515f604e37-5\" data-is-intersecting=\"true\">\n<section class=\"text-token-text-primary w-full focus:outline-none [--shadow-height:45px] has-data-writing-block:pointer-events-none has-data-writing-block:-mt-(--shadow-height) has-data-writing-block:pt-(--shadow-height) [&amp;:has([data-writing-block])&gt;*]:pointer-events-auto R6Vx5W_threadScrollVars scroll-mb-[calc(var(--scroll-root-safe-area-inset-bottom,0px)+var(--thread-response-height))] scroll-mt-[calc(var(--header-height)+min(200px,max(70px,20svh)))]\" dir=\"auto\" data-turn-id=\"request-681b179c-7310-8004-8cfc-8c515f604e37-5\" data-testid=\"conversation-turn-439\" data-scroll-anchor=\"false\" data-turn=\"assistant\">\n<div class=\"text-base my-auto mx-auto pb-10 [--thread-content-margin:var(--thread-content-margin-xs,calc(var(--spacing)*4))] @w-sm\/main:[--thread-content-margin:var(--thread-content-margin-sm,calc(var(--spacing)*6))] @w-lg\/main:[--thread-content-margin:var(--thread-content-margin-lg,calc(var(--spacing)*16))] px-(--thread-content-margin)\">\n<div class=\"[--thread-content-max-width:40rem] @w-lg\/main:[--thread-content-max-width:48rem] mx-auto max-w-(--thread-content-max-width) flex-1 group\/turn-messages focus-visible:outline-hidden relative flex w-full min-w-0 flex-col agent-turn\">\n<div class=\"flex max-w-full flex-col gap-4 grow\">\n<div class=\"min-h-8 text-message relative flex w-full flex-col items-end gap-2 text-start break-words whitespace-normal outline-none keyboard-focused:focus-ring [.text-message+&amp;]:mt-1\" dir=\"auto\" tabindex=\"0\" data-message-author-role=\"assistant\" data-message-id=\"86f016c7-9ea9-43a5-a2aa-6bd324d4900a\" data-message-model-slug=\"gpt-5-3\" data-turn-start-message=\"true\">\n<div class=\"flex w-full flex-col gap-1 empty:hidden\">\n<div class=\"markdown prose dark:prose-invert w-full wrap-break-word light markdown-new-styling\">\n<div class=\"\" data-turn-id-container=\"request-681b179c-7310-8004-8cfc-8c515f604e37-5\" data-is-intersecting=\"true\">\n<section class=\"text-token-text-primary w-full focus:outline-none [--shadow-height:45px] has-data-writing-block:pointer-events-none has-data-writing-block:-mt-(--shadow-height) has-data-writing-block:pt-(--shadow-height) [&amp;:has([data-writing-block])&gt;*]:pointer-events-auto R6Vx5W_threadScrollVars scroll-mb-[calc(var(--scroll-root-safe-area-inset-bottom,0px)+var(--thread-response-height))] scroll-mt-[calc(var(--header-height)+min(200px,max(70px,20svh)))]\" dir=\"auto\" data-turn-id=\"request-681b179c-7310-8004-8cfc-8c515f604e37-5\" data-testid=\"conversation-turn-439\" data-scroll-anchor=\"false\" data-turn=\"assistant\">\n<div class=\"text-base my-auto mx-auto pb-10 [--thread-content-margin:var(--thread-content-margin-xs,calc(var(--spacing)*4))] @w-sm\/main:[--thread-content-margin:var(--thread-content-margin-sm,calc(var(--spacing)*6))] @w-lg\/main:[--thread-content-margin:var(--thread-content-margin-lg,calc(var(--spacing)*16))] px-(--thread-content-margin)\">\n<div class=\"[--thread-content-max-width:40rem] @w-lg\/main:[--thread-content-max-width:48rem] mx-auto max-w-(--thread-content-max-width) flex-1 group\/turn-messages focus-visible:outline-hidden relative flex w-full min-w-0 flex-col agent-turn\">\n<div class=\"flex max-w-full flex-col gap-4 grow\">\n<div class=\"min-h-8 text-message relative flex w-full flex-col items-end gap-2 text-start break-words whitespace-normal outline-none keyboard-focused:focus-ring [.text-message+&amp;]:mt-1\" dir=\"auto\" tabindex=\"0\" data-message-author-role=\"assistant\" data-message-id=\"86f016c7-9ea9-43a5-a2aa-6bd324d4900a\" data-message-model-slug=\"gpt-5-3\" data-turn-start-message=\"true\">\n<div class=\"flex w-full flex-col gap-1 empty:hidden\">\n<div class=\"markdown prose dark:prose-invert w-full wrap-break-word light markdown-new-styling\">\n<h2 data-section-id=\"h6c9w4\" data-start=\"88\" data-end=\"117\"><span role=\"text\"><strong data-start=\"91\" data-end=\"117\">Kombinezon za odrasle\u00a0 Mali oblaci<\/strong><\/span><\/h2>\n<p data-start=\"119\" data-end=\"185\">Kao komad neba koji se spustio dovoljno nisko da ga mo\u017ee\u0161 obu\u0107i!<\/p>\n<p data-start=\"187\" data-end=\"444\">Kombinezon <em data-start=\"198\" data-end=\"211\">Mali oblaci<\/em> izra\u0111en je od 100% pamuka, sa sitnim motivom razigranih oblaka koji unose lako\u0107u u pokret. \u0160iroke nogavice i opu\u0161ten kroj prate telo bez zadr\u017eavanja, dok vezivanje na ramenima omogu\u0107ava da ga prilagodi\u0161 sebi i nosi\u0161 na svoj na\u010din.<\/p>\n<p data-start=\"446\" data-end=\"552\">Diskretan detalj od pleksiglasa sa na\u0161im logom unosi mali akcenat,\u00a0 poput ta\u010dke svetlosti me\u0111u oblacima.<\/p>\n<p data-start=\"554\" data-end=\"710\">Nosiv preko majice ili direktno na ko\u017ei, menja se kroz dan, od sporih jutara do dugih \u0161etnji. U njemu ima vazduha, prostora i onog tihog ose\u0107aja slobode.<\/p>\n<p data-start=\"554\" data-end=\"710\">Dostupan u univerzalnoj veli\u010dini za odrasle.<\/p>\n<p data-start=\"712\" data-end=\"819\" data-is-last-node=\"\" data-is-only-node=\"\">Deo kolekcije <em data-start=\"726\" data-end=\"739\">Mali oblaci<\/em>, nastaje u malim serijama, u duhu odr\u017eive proizvodnje i principa nultog otpada.<\/p>\n<\/div>\n<\/div>\n<\/div>\n<\/div>\n<div class=\"z-0 flex min-h-[46px] justify-start\"><\/div>\n<\/div>\n<\/div>\n<\/section>\n<\/div>\n<p data-start=\"712\" data-end=\"819\" data-is-last-node=\"\" data-is-only-node=\"\">\n<\/div>\n<\/div>\n<\/div>\n<\/div>\n<div class=\"z-0 flex min-h-[46px] justify-start\"><\/div>\n<div class=\"mt-3 w-full empty:hidden\">\n<div class=\"text-center\"><\/div>\n<\/div>\n<\/div>\n<\/div>\n<\/section>\n<\/div>\n<div class=\"pointer-events-none -mt-px h-px translate-y-[calc(var(--scroll-root-safe-area-inset-bottom)-14*var(--spacing))]\" aria-hidden=\"true\"><\/div>\n","protected":false},"excerpt":{"rendered":"<p>Kombinezon za odrasle\u00a0 Mali oblaci Kao komad neba koji se spustio dovoljno nisko da ga mo\u017ee\u0161 obu\u0107i! Kombinezon Mali oblaci izra\u0111en je od 100% pamuka, sa sitnim motivom razigranih oblaka koji unose lako\u0107u u pokret. \u0160iroke nogavice i opu\u0161ten kroj prate telo bez zadr\u017eavanja, dok vezivanje na ramenima omogu\u0107ava da ga prilagodi\u0161 sebi i nosi\u0161 [&hellip;]<\/p>\n","protected":false},"featured_media":38964,"comment_status":"open","ping_status":"closed","template":"","meta":[],"product_brand":[],"product_cat":[28],"product_tag":[],"class_list":{"0":"post-38963","1":"product","2":"type-product","3":"status-publish","4":"has-post-thumbnail","6":"product_cat-odrasli","8":"first","9":"instock","10":"shipping-taxable","11":"purchasable","12":"product-type-simple"},"_links":{"self":[{"href":"https:\/\/gugadzina.rs\/en\/wp-json\/wp\/v2\/product\/38963","targetHints":{"allow":["GET"]}}],"collection":[{"href":"https:\/\/gugadzina.rs\/en\/wp-json\/wp\/v2\/product"}],"about":[{"href":"https:\/\/gugadzina.rs\/en\/wp-json\/wp\/v2\/types\/product"}],"replies":[{"embeddable":true,"href":"https:\/\/gugadzina.rs\/en\/wp-json\/wp\/v2\/comments?post=38963"}],"wp:featuredmedia":[{"embeddable":true,"href":"https:\/\/gugadzina.rs\/en\/wp-json\/wp\/v2\/media\/38964"}],"wp:attachment":[{"href":"https:\/\/gugadzina.rs\/en\/wp-json\/wp\/v2\/media?parent=38963"}],"wp:term":[{"taxonomy":"product_brand","embeddable":true,"href":"https:\/\/gugadzina.rs\/en\/wp-json\/wp\/v2\/product_brand?post=38963"},{"taxonomy":"product_cat","embeddable":true,"href":"https:\/\/gugadzina.rs\/en\/wp-json\/wp\/v2\/product_cat?post=38963"},{"taxonomy":"product_tag","embeddable":true,"href":"https:\/\/gugadzina.rs\/en\/wp-json\/wp\/v2\/product_tag?post=38963"}],"curies":[{"name":"wp","href":"https:\/\/api.w.org\/{rel}","templated":true}]}}