{"id":38976,"date":"2026-04-23T08:11:45","date_gmt":"2026-04-23T08:11:45","guid":{"rendered":"https:\/\/gugadzina.rs\/?post_type=product&#038;p=38976"},"modified":"2026-04-23T08:28:46","modified_gmt":"2026-04-23T08:28:46","slug":"38976","status":"publish","type":"product","link":"https:\/\/gugadzina.rs\/en\/prodavnica\/decaci\/38976\/","title":{"rendered":"Pantalone Mali oblaci"},"content":{"rendered":"<h2 data-section-id=\"1jzgcjo\" data-start=\"59\" data-end=\"87\"><span role=\"text\"><strong data-start=\"62\" data-end=\"87\">Pantalone Mali oblaci<\/strong><\/span><\/h2>\n<p data-start=\"89\" data-end=\"126\">Lagane kao igra koja traje ceo dan.<\/p>\n<p data-start=\"128\" data-end=\"351\">Pantalone <em data-start=\"138\" data-end=\"151\">Mali oblaci<\/em> izra\u0111ene su od 100% pamuka, sa sitnim motivom razigranih oblaka koji prate svaki pokret. \u0160iroke nogavice i opu\u0161ten kroj daju slobodu kretanja,\u00a0 za tr\u010danje, penjanje, sedenje na zemlji i sve ideje izme\u0111u.<\/p>\n<p data-start=\"353\" data-end=\"639\">Elasti\u010dan pojas omogu\u0107ava lako obla\u010denje i udobnost tokom celog dana, bez stezanja i zadr\u017eavanja. Duboki d\u017eepovi spremni su da prime sve oblake koje usput skine\u0161 sa neba. Diskretan detalj od pleksiglasa sa na\u0161im logom koji visi na elasti\u010dnoj tra\u010dici,\u00a0 donosi mali, svetli akcenat,\u00a0 kao znak prepoznavanja unutar oblaka.<\/p>\n<p data-start=\"641\" data-end=\"706\">Napravljene da se nose bez razmi\u0161ljanja, u igri i svakodnevici.<\/p>\n<p data-start=\"708\" data-end=\"761\">Dostupne u veli\u010dinama: 3\u20134, 5\u20136, 7\u20138 i 9\u201310 godina.<\/p>\n<p data-start=\"763\" data-end=\"870\" data-is-last-node=\"\" data-is-only-node=\"\">Deo kolekcije <em data-start=\"777\" data-end=\"790\">Mali oblaci<\/em>, nastaju u malim serijama, u duhu odr\u017eive proizvodnje i principa nultog otpada.<\/p>\n<p data-start=\"745\" data-end=\"841\">\n","protected":false},"excerpt":{"rendered":"<p>Pantalone Mali oblaci Lagane kao igra koja traje ceo dan. Pantalone Mali oblaci izra\u0111ene su od 100% pamuka, sa sitnim motivom razigranih oblaka koji prate svaki pokret. \u0160iroke nogavice i opu\u0161ten kroj daju slobodu kretanja,\u00a0 za tr\u010danje, penjanje, sedenje na zemlji i sve ideje izme\u0111u. Elasti\u010dan pojas omogu\u0107ava lako obla\u010denje i udobnost tokom celog dana, [&hellip;]<\/p>\n","protected":false},"featured_media":38991,"comment_status":"open","ping_status":"closed","template":"","meta":[],"product_brand":[],"product_cat":[19,20,69,27],"product_tag":[220,148,397],"class_list":{"0":"post-38976","1":"product","2":"type-product","3":"status-publish","4":"has-post-thumbnail","6":"product_cat-decaci","7":"product_cat-devojcice","8":"product_cat-donji-deo-decaci","9":"product_cat-donji-deo-devojcice","10":"product_tag-beograd","11":"product_tag-jaja","12":"product_tag-pumparice","14":"first","15":"instock","16":"shipping-taxable","17":"purchasable","18":"product-type-variable","19":"wvs-archive-product-wrapper"},"_links":{"self":[{"href":"https:\/\/gugadzina.rs\/en\/wp-json\/wp\/v2\/product\/38976","targetHints":{"allow":["GET"]}}],"collection":[{"href":"https:\/\/gugadzina.rs\/en\/wp-json\/wp\/v2\/product"}],"about":[{"href":"https:\/\/gugadzina.rs\/en\/wp-json\/wp\/v2\/types\/product"}],"replies":[{"embeddable":true,"href":"https:\/\/gugadzina.rs\/en\/wp-json\/wp\/v2\/comments?post=38976"}],"wp:featuredmedia":[{"embeddable":true,"href":"https:\/\/gugadzina.rs\/en\/wp-json\/wp\/v2\/media\/38991"}],"wp:attachment":[{"href":"https:\/\/gugadzina.rs\/en\/wp-json\/wp\/v2\/media?parent=38976"}],"wp:term":[{"taxonomy":"product_brand","embeddable":true,"href":"https:\/\/gugadzina.rs\/en\/wp-json\/wp\/v2\/product_brand?post=38976"},{"taxonomy":"product_cat","embeddable":true,"href":"https:\/\/gugadzina.rs\/en\/wp-json\/wp\/v2\/product_cat?post=38976"},{"taxonomy":"product_tag","embeddable":true,"href":"https:\/\/gugadzina.rs\/en\/wp-json\/wp\/v2\/product_tag?post=38976"}],"curies":[{"name":"wp","href":"https:\/\/api.w.org\/{rel}","templated":true}]}}