{"id":38994,"date":"2026-04-23T08:36:17","date_gmt":"2026-04-23T08:36:17","guid":{"rendered":"https:\/\/gugadzina.rs\/?post_type=product&#038;p=38994"},"modified":"2026-04-23T08:39:44","modified_gmt":"2026-04-23T08:39:44","slug":"torbica-sladoled","status":"publish","type":"product","link":"https:\/\/gugadzina.rs\/en\/prodavnica\/aksesoari\/torbe\/torbica-sladoled\/","title":{"rendered":"Torbica Sladoled"},"content":{"rendered":"<p data-start=\"65\" data-end=\"85\"><strong data-start=\"65\" data-end=\"85\">Torbica Sladoled<\/strong><\/p>\n<p data-start=\"87\" data-end=\"145\">Kao mali letnji trenutak koji mo\u017ee\u0161 da ponese\u0161 sa sobom.<\/p>\n<p data-start=\"147\" data-end=\"318\">Torbica Sladoled pretvara igru u predmet, kugle u razli\u010ditim bojama sla\u017eu se jedna na drugu, dok kornet postaje mesto za sve male stvari koje \u017eeli\u0161 da ti budu pri ruci.<\/p>\n<p data-start=\"320\" data-end=\"442\">Nosi se oko struka, lagana i prakti\u010dna, ali pre svega razigrana,\u00a0 kao podsetnik da svakodnevica mo\u017ee da bude malo sla\u0111a.<\/p>\n<p data-start=\"444\" data-end=\"683\">Svaki komad je ru\u010dno izra\u0111en, pa su boje i raspored kugli uvek pomalo druga\u010diji. Kao i svi Gugad\u017eina proizvodi, nastaje u malim serijama, uz principe odr\u017eive proizvodnje i ideju da i ostaci materijala mogu postati ne\u0161to novo i neo\u010dekivano.<\/p>\n<p>&nbsp;<\/p>\n","protected":false},"excerpt":{"rendered":"<p>Torbica Sladoled Kao mali letnji trenutak koji mo\u017ee\u0161 da ponese\u0161 sa sobom. Torbica Sladoled pretvara igru u predmet, kugle u razli\u010ditim bojama sla\u017eu se jedna na drugu, dok kornet postaje mesto za sve male stvari koje \u017eeli\u0161 da ti budu pri ruci. Nosi se oko struka, lagana i prakti\u010dna, ali pre svega razigrana,\u00a0 kao podsetnik [&hellip;]<\/p>\n","protected":false},"featured_media":38995,"comment_status":"closed","ping_status":"closed","template":"","meta":[],"product_brand":[],"product_cat":[18,20,29],"product_tag":[262,285,164],"class_list":{"0":"post-38994","1":"product","2":"type-product","3":"status-publish","4":"has-post-thumbnail","6":"product_cat-aksesoari","7":"product_cat-devojcice","8":"product_cat-torbe","9":"product_tag-cupavac","10":"product_tag-pile","11":"product_tag-torbica","13":"first","14":"instock","15":"shipping-taxable","16":"purchasable","17":"product-type-simple"},"_links":{"self":[{"href":"https:\/\/gugadzina.rs\/en\/wp-json\/wp\/v2\/product\/38994","targetHints":{"allow":["GET"]}}],"collection":[{"href":"https:\/\/gugadzina.rs\/en\/wp-json\/wp\/v2\/product"}],"about":[{"href":"https:\/\/gugadzina.rs\/en\/wp-json\/wp\/v2\/types\/product"}],"replies":[{"embeddable":true,"href":"https:\/\/gugadzina.rs\/en\/wp-json\/wp\/v2\/comments?post=38994"}],"wp:featuredmedia":[{"embeddable":true,"href":"https:\/\/gugadzina.rs\/en\/wp-json\/wp\/v2\/media\/38995"}],"wp:attachment":[{"href":"https:\/\/gugadzina.rs\/en\/wp-json\/wp\/v2\/media?parent=38994"}],"wp:term":[{"taxonomy":"product_brand","embeddable":true,"href":"https:\/\/gugadzina.rs\/en\/wp-json\/wp\/v2\/product_brand?post=38994"},{"taxonomy":"product_cat","embeddable":true,"href":"https:\/\/gugadzina.rs\/en\/wp-json\/wp\/v2\/product_cat?post=38994"},{"taxonomy":"product_tag","embeddable":true,"href":"https:\/\/gugadzina.rs\/en\/wp-json\/wp\/v2\/product_tag?post=38994"}],"curies":[{"name":"wp","href":"https:\/\/api.w.org\/{rel}","templated":true}]}}