{"id":39014,"date":"2026-05-11T15:36:16","date_gmt":"2026-05-11T15:36:16","guid":{"rendered":"https:\/\/gugadzina.rs\/?post_type=product&#038;p=39014"},"modified":"2026-05-11T15:39:35","modified_gmt":"2026-05-11T15:39:35","slug":"visenamenska-traka-mali-oblaci","status":"publish","type":"product","link":"https:\/\/gugadzina.rs\/en\/prodavnica\/aksesoari\/visenamenska-traka-mali-oblaci\/","title":{"rendered":"Vi\u0161enamenska traka Mali oblaci"},"content":{"rendered":"<div class=\"flex-shrink-0 flex flex-col relative items-end\">\n<div>\n<div class=\"pt-0\">\n<div class=\"gizmo-bot-avatar flex h-8 w-8 items-center justify-center overflow-hidden rounded-full\">\n<div class=\"relative p-1 rounded-sm flex items-center justify-center bg-token-main-surface-primary text-token-text-primary h-8 w-8\"><strong>Vi\u0161enamenska traka &#8220;Mali oblaci&#8221;<\/strong> izra\u0111ena je od prijatnog materijala 100% pamuk, \u010dine\u0107i je savr\u0161enom za raznovrsne stilove i prilike. Sa du\u017einom od 70 cm, traka se lako vezuje na \u017eeljeni obim i mo\u017ee se nositi na vi\u0161e na\u010dina. Ukras oko vrata, traka za kosu ili kao kreativni detalj koji osve\u017eava svaki outfit.<\/div>\n<\/div>\n<\/div>\n<\/div>\n<\/div>\n<div class=\"group\/conversation-turn relative flex w-full min-w-0 flex-col agent-turn\">\n<div class=\"flex-col gap-1 md:gap-3\">\n<div class=\"flex max-w-full flex-col flex-grow\">\n<div class=\"min-h-8 text-message flex w-full flex-col items-end gap-2 whitespace-normal break-words [.text-message+&amp;]:mt-5\" dir=\"auto\" data-message-author-role=\"assistant\" data-message-id=\"6b45e632-cfed-4c34-8263-2f909f1a2976\" data-message-model-slug=\"gpt-4o\">\n<div class=\"flex w-full flex-col gap-1 empty:hidden first:pt-[3px]\">\n<div class=\"markdown prose w-full break-words dark:prose-invert light\">\n<p>Inspirisana oblacima, ova traka spaja prakti\u010dnost i estetiku, nude\u0107i mogu\u0107nost izra\u017eavanja jedinstvenog stila uz udobnost i funkcionalnost.<\/p>\n<\/div>\n<\/div>\n<\/div>\n<\/div>\n<\/div>\n<\/div>\n","protected":false},"excerpt":{"rendered":"<p>Vi\u0161enamenska traka &#8220;Mali oblaci&#8221; izra\u0111ena je od prijatnog materijala 100% pamuk, \u010dine\u0107i je savr\u0161enom za raznovrsne stilove i prilike. Sa du\u017einom od 70 cm, traka se lako vezuje na \u017eeljeni obim i mo\u017ee se nositi na vi\u0161e na\u010dina. Ukras oko vrata, traka za kosu ili kao kreativni detalj koji osve\u017eava svaki outfit. Inspirisana oblacima, ova [&hellip;]<\/p>\n","protected":false},"featured_media":39017,"comment_status":"closed","ping_status":"closed","template":"","meta":[],"product_brand":[],"product_cat":[18,63],"product_tag":[65],"class_list":{"0":"post-39014","1":"product","2":"type-product","3":"status-publish","4":"has-post-thumbnail","6":"product_cat-aksesoari","7":"product_cat-aksesoari-za-kosu","8":"product_tag-traka-za-kosu","10":"first","11":"instock","12":"shipping-taxable","13":"purchasable","14":"product-type-simple"},"_links":{"self":[{"href":"https:\/\/gugadzina.rs\/en\/wp-json\/wp\/v2\/product\/39014","targetHints":{"allow":["GET"]}}],"collection":[{"href":"https:\/\/gugadzina.rs\/en\/wp-json\/wp\/v2\/product"}],"about":[{"href":"https:\/\/gugadzina.rs\/en\/wp-json\/wp\/v2\/types\/product"}],"replies":[{"embeddable":true,"href":"https:\/\/gugadzina.rs\/en\/wp-json\/wp\/v2\/comments?post=39014"}],"wp:featuredmedia":[{"embeddable":true,"href":"https:\/\/gugadzina.rs\/en\/wp-json\/wp\/v2\/media\/39017"}],"wp:attachment":[{"href":"https:\/\/gugadzina.rs\/en\/wp-json\/wp\/v2\/media?parent=39014"}],"wp:term":[{"taxonomy":"product_brand","embeddable":true,"href":"https:\/\/gugadzina.rs\/en\/wp-json\/wp\/v2\/product_brand?post=39014"},{"taxonomy":"product_cat","embeddable":true,"href":"https:\/\/gugadzina.rs\/en\/wp-json\/wp\/v2\/product_cat?post=39014"},{"taxonomy":"product_tag","embeddable":true,"href":"https:\/\/gugadzina.rs\/en\/wp-json\/wp\/v2\/product_tag?post=39014"}],"curies":[{"name":"wp","href":"https:\/\/api.w.org\/{rel}","templated":true}]}}