{"id":39023,"date":"2026-05-11T15:39:56","date_gmt":"2026-05-11T15:39:56","guid":{"rendered":"https:\/\/gugadzina.rs\/?post_type=product&#038;p=39023"},"modified":"2026-05-11T15:42:12","modified_gmt":"2026-05-11T15:42:12","slug":"gumica-za-kosu-masna-mali-oblaci","status":"publish","type":"product","link":"https:\/\/gugadzina.rs\/en\/prodavnica\/aksesoari\/aksesoari-za-kosu\/gumica-za-kosu-masna-mali-oblaci\/","title":{"rendered":"Gumica za kosu ma\u0161na Mali oblaci"},"content":{"rendered":"<div class=\"flex-shrink-0 flex flex-col relative items-end\">\n<div>\n<div class=\"pt-0\">\n<div class=\"gizmo-bot-avatar flex h-8 w-8 items-center justify-center overflow-hidden rounded-full\">\n<div class=\"relative p-1 rounded-sm flex items-center justify-center bg-token-main-surface-primary text-token-text-primary h-8 w-8\"><strong>Gumic ma\u0161na \u201eMali oblaci\u201c<\/strong> izra\u0111ena je od prijatnog materijala 100% pamuk, \u010dine\u0107i je savr\u0161enom za raznovrsne stilove i prilike.<\/div>\n<\/div>\n<\/div>\n<\/div>\n<\/div>\n<div class=\"group\/conversation-turn relative flex w-full min-w-0 flex-col agent-turn\">\n<div class=\"flex-col gap-1 md:gap-3\">\n<div class=\"flex max-w-full flex-col flex-grow\">\n<div class=\"min-h-8 text-message flex w-full flex-col items-end gap-2 whitespace-normal break-words [.text-message+&amp;]:mt-5\" dir=\"auto\" data-message-author-role=\"assistant\" data-message-id=\"6b45e632-cfed-4c34-8263-2f909f1a2976\" data-message-model-slug=\"gpt-4o\">\n<div class=\"flex w-full flex-col gap-1 empty:hidden first:pt-[3px]\">\n<div class=\"markdown prose w-full break-words dark:prose-invert light\">\n<p>Inspirisana oblacima, ova gumica spaja prakti\u010dnost i estetiku, nude\u0107i mogu\u0107nost izra\u017eavanja jedinstvenog stila uz udobnost i funkcionalnost.<\/p>\n<\/div>\n<\/div>\n<\/div>\n<\/div>\n<\/div>\n<\/div>\n<p>&nbsp;<\/p>\n","protected":false},"excerpt":{"rendered":"<p>Gumic ma\u0161na \u201eMali oblaci\u201c izra\u0111ena je od prijatnog materijala 100% pamuk, \u010dine\u0107i je savr\u0161enom za raznovrsne stilove i prilike. Inspirisana oblacima, ova gumica spaja prakti\u010dnost i estetiku, nude\u0107i mogu\u0107nost izra\u017eavanja jedinstvenog stila uz udobnost i funkcionalnost. &nbsp;<\/p>\n","protected":false},"featured_media":39022,"comment_status":"closed","ping_status":"closed","template":"","meta":[],"product_brand":[],"product_cat":[18,63],"product_tag":[236,230],"class_list":{"0":"post-39023","1":"product","2":"type-product","3":"status-publish","4":"has-post-thumbnail","6":"product_cat-aksesoari","7":"product_cat-aksesoari-za-kosu","8":"product_tag-bucka","9":"product_tag-narukvica","11":"first","12":"instock","13":"shipping-taxable","14":"purchasable","15":"product-type-simple"},"_links":{"self":[{"href":"https:\/\/gugadzina.rs\/en\/wp-json\/wp\/v2\/product\/39023","targetHints":{"allow":["GET"]}}],"collection":[{"href":"https:\/\/gugadzina.rs\/en\/wp-json\/wp\/v2\/product"}],"about":[{"href":"https:\/\/gugadzina.rs\/en\/wp-json\/wp\/v2\/types\/product"}],"replies":[{"embeddable":true,"href":"https:\/\/gugadzina.rs\/en\/wp-json\/wp\/v2\/comments?post=39023"}],"wp:featuredmedia":[{"embeddable":true,"href":"https:\/\/gugadzina.rs\/en\/wp-json\/wp\/v2\/media\/39022"}],"wp:attachment":[{"href":"https:\/\/gugadzina.rs\/en\/wp-json\/wp\/v2\/media?parent=39023"}],"wp:term":[{"taxonomy":"product_brand","embeddable":true,"href":"https:\/\/gugadzina.rs\/en\/wp-json\/wp\/v2\/product_brand?post=39023"},{"taxonomy":"product_cat","embeddable":true,"href":"https:\/\/gugadzina.rs\/en\/wp-json\/wp\/v2\/product_cat?post=39023"},{"taxonomy":"product_tag","embeddable":true,"href":"https:\/\/gugadzina.rs\/en\/wp-json\/wp\/v2\/product_tag?post=39023"}],"curies":[{"name":"wp","href":"https:\/\/api.w.org\/{rel}","templated":true}]}}