{"id":39030,"date":"2026-05-14T07:52:18","date_gmt":"2026-05-14T07:52:18","guid":{"rendered":"https:\/\/gugadzina.rs\/?post_type=product&#038;p=39030"},"modified":"2026-05-14T07:54:12","modified_gmt":"2026-05-14T07:54:12","slug":"kombinezon-za-bebe-mali-oblaci","status":"publish","type":"product","link":"https:\/\/gugadzina.rs\/en\/prodavnica\/decaci\/kombinezon-za-bebe-mali-oblaci\/","title":{"rendered":"Kombinezon za bebe Mali oblaci"},"content":{"rendered":"<h2 data-section-id=\"h6c9w4\" data-start=\"0\" data-end=\"29\"><span role=\"text\"><strong data-start=\"3\" data-end=\"29\">Kombinezon za bebe Mali oblaci<\/strong><\/span><\/h2>\n<p data-start=\"31\" data-end=\"71\">Mali oblaci sada i za one najmanje.<\/p>\n<p data-start=\"73\" data-end=\"326\">Ovaj mekani kombinezon za bebe izra\u0111en je od 100% pamuka, od ostataka materijala nastalih prilikom krojenja pantalona iz kolekcije <em data-start=\"204\" data-end=\"217\">Mali oblaci<\/em>. Materijal je i sam druga ruka, pa\u017eljivo odabran kako bi dobio novi \u017eivot kroz komad namenjen najmla\u0111ima.<\/p>\n<p data-start=\"328\" data-end=\"535\">Kop\u010danje drikerima celom du\u017einom prednjice omogu\u0107ava lako presvla\u010denje i udobnost tokom dana i no\u0107i. Razigrana DTF slova u razli\u010ditim bojama unose malu pri\u010du o oblicima, re\u010dima i svetu koji se tek otkriva. Svaki komad nosi druga\u010diji raspored \u0161tampe, jer su aplikacije postavljane slobodno, bez ponavljanja, pa je svaki kombinezon jedinstven i ne sadr\u017ei ista slova.<\/p>\n<p data-start=\"537\" data-end=\"630\">Mekan, lagan i ne\u017ean za ko\u017eu, napravljen je za prve pokrete, spavanja, no\u0161enja i zagrljaje.<\/p>\n<p data-start=\"632\" data-end=\"760\">Dostupan u veli\u010dinama:<br data-start=\"654\" data-end=\"657\" \/>\u00a00 (NB \/ newborn) \u2014 od ro\u0111enja do 4 meseca<br data-start=\"701\" data-end=\"704\" \/>\u00a00\u20131 \u2014 od 3 do 12 meseci<br data-start=\"730\" data-end=\"733\" \/>\u00a01\u20132 \u2014 od 1 do 2 godine<\/p>\n<p data-start=\"762\" data-end=\"868\" data-is-last-node=\"\" data-is-only-node=\"\">Kao i svi Gugad\u017eina modeli, nastaje u malim serijama, u duhu odr\u017eive proizvodnje i principa nultog otpada.<\/p>\n","protected":false},"excerpt":{"rendered":"<p>Kombinezon za bebe Mali oblaci Mali oblaci sada i za one najmanje. Ovaj mekani kombinezon za bebe izra\u0111en je od 100% pamuka, od ostataka materijala nastalih prilikom krojenja pantalona iz kolekcije Mali oblaci. Materijal je i sam druga ruka, pa\u017eljivo odabran kako bi dobio novi \u017eivot kroz komad namenjen najmla\u0111ima. Kop\u010danje drikerima celom du\u017einom prednjice [&hellip;]<\/p>\n","protected":false},"featured_media":39034,"comment_status":"open","ping_status":"closed","template":"","meta":[],"product_brand":[],"product_cat":[19,20,69,27,58,23],"product_tag":[121,119,403],"class_list":{"0":"post-39030","1":"product","2":"type-product","3":"status-publish","4":"has-post-thumbnail","6":"product_cat-decaci","7":"product_cat-devojcice","8":"product_cat-donji-deo-decaci","9":"product_cat-donji-deo-devojcice","10":"product_cat-gornji-deo-decaci","11":"product_cat-gornji-deo-devojcice","12":"product_tag-bebe","13":"product_tag-kombinezon","14":"product_tag-slova","16":"first","17":"instock","18":"shipping-taxable","19":"purchasable","20":"product-type-variable","21":"wvs-archive-product-wrapper"},"_links":{"self":[{"href":"https:\/\/gugadzina.rs\/en\/wp-json\/wp\/v2\/product\/39030","targetHints":{"allow":["GET"]}}],"collection":[{"href":"https:\/\/gugadzina.rs\/en\/wp-json\/wp\/v2\/product"}],"about":[{"href":"https:\/\/gugadzina.rs\/en\/wp-json\/wp\/v2\/types\/product"}],"replies":[{"embeddable":true,"href":"https:\/\/gugadzina.rs\/en\/wp-json\/wp\/v2\/comments?post=39030"}],"wp:featuredmedia":[{"embeddable":true,"href":"https:\/\/gugadzina.rs\/en\/wp-json\/wp\/v2\/media\/39034"}],"wp:attachment":[{"href":"https:\/\/gugadzina.rs\/en\/wp-json\/wp\/v2\/media?parent=39030"}],"wp:term":[{"taxonomy":"product_brand","embeddable":true,"href":"https:\/\/gugadzina.rs\/en\/wp-json\/wp\/v2\/product_brand?post=39030"},{"taxonomy":"product_cat","embeddable":true,"href":"https:\/\/gugadzina.rs\/en\/wp-json\/wp\/v2\/product_cat?post=39030"},{"taxonomy":"product_tag","embeddable":true,"href":"https:\/\/gugadzina.rs\/en\/wp-json\/wp\/v2\/product_tag?post=39030"}],"curies":[{"name":"wp","href":"https:\/\/api.w.org\/{rel}","templated":true}]}}