{"id":39056,"date":"2026-05-15T09:11:06","date_gmt":"2026-05-15T09:11:06","guid":{"rendered":"https:\/\/gugadzina.rs\/?post_type=product&#038;p=39056"},"modified":"2026-05-15T09:13:08","modified_gmt":"2026-05-15T09:13:08","slug":"gumica-za-kosu-masna-leprsava-tirkiz","status":"publish","type":"product","link":"https:\/\/gugadzina.rs\/en\/prodavnica\/aksesoari\/aksesoari-za-kosu\/gumica-za-kosu-masna-leprsava-tirkiz\/","title":{"rendered":"Gumica za kosu Ma\u0161na lepr\u0161ava tirkiz"},"content":{"rendered":"<p><strong>Gumica za kosu &#8220;Ma\u0161na lepr\u0161ava tirkiz&#8221;<\/strong><\/p>\n<p>Lagani til u nijansama zelene, ljubi\u010daste i plave pretvoren je u rasko\u0161nu ma\u0161nu koja veselo lepr\u0161a pri svakom pokretu. Ma\u0161na se lako \u0161irenjem tila pretvara u rasko\u0161nu bu\u0107ku.<\/p>\n<p>Ova gumica unosi dozu \u010darolije u frizuru, savr\u0161ena je za igru, proslave ili kao akcenat svakodnevnog stila.<\/p>\n<p>Izra\u0111ena je ru\u010dno, u skladu sa principima odr\u017eivosti, a dostupna je u ograni\u010denoj seriji.<\/p>\n<p>Materijal: Kombinovani materijali, ma\u0161na til<\/p>\n<p>\u0160irina ma\u0161ne 17cm<\/p>\n","protected":false},"excerpt":{"rendered":"<p>Gumica za kosu &#8220;Ma\u0161na lepr\u0161ava tirkiz&#8221; Lagani til u nijansama zelene, ljubi\u010daste i plave pretvoren je u rasko\u0161nu ma\u0161nu koja veselo lepr\u0161a pri svakom pokretu. Ma\u0161na se lako \u0161irenjem tila pretvara u rasko\u0161nu bu\u0107ku. Ova gumica unosi dozu \u010darolije u frizuru, savr\u0161ena je za igru, proslave ili kao akcenat svakodnevnog stila. Izra\u0111ena je ru\u010dno, u [&hellip;]<\/p>\n","protected":false},"featured_media":39047,"comment_status":"closed","ping_status":"closed","template":"","meta":[],"product_brand":[],"product_cat":[18,63,21],"product_tag":[124,143],"class_list":{"0":"post-39056","1":"product","2":"type-product","3":"status-publish","4":"has-post-thumbnail","6":"product_cat-aksesoari","7":"product_cat-aksesoari-za-kosu","8":"product_cat-oprema-za-maskenbale","9":"product_tag-gumica","10":"product_tag-masna","12":"first","13":"instock","14":"shipping-taxable","15":"purchasable","16":"product-type-simple"},"_links":{"self":[{"href":"https:\/\/gugadzina.rs\/en\/wp-json\/wp\/v2\/product\/39056","targetHints":{"allow":["GET"]}}],"collection":[{"href":"https:\/\/gugadzina.rs\/en\/wp-json\/wp\/v2\/product"}],"about":[{"href":"https:\/\/gugadzina.rs\/en\/wp-json\/wp\/v2\/types\/product"}],"replies":[{"embeddable":true,"href":"https:\/\/gugadzina.rs\/en\/wp-json\/wp\/v2\/comments?post=39056"}],"wp:featuredmedia":[{"embeddable":true,"href":"https:\/\/gugadzina.rs\/en\/wp-json\/wp\/v2\/media\/39047"}],"wp:attachment":[{"href":"https:\/\/gugadzina.rs\/en\/wp-json\/wp\/v2\/media?parent=39056"}],"wp:term":[{"taxonomy":"product_brand","embeddable":true,"href":"https:\/\/gugadzina.rs\/en\/wp-json\/wp\/v2\/product_brand?post=39056"},{"taxonomy":"product_cat","embeddable":true,"href":"https:\/\/gugadzina.rs\/en\/wp-json\/wp\/v2\/product_cat?post=39056"},{"taxonomy":"product_tag","embeddable":true,"href":"https:\/\/gugadzina.rs\/en\/wp-json\/wp\/v2\/product_tag?post=39056"}],"curies":[{"name":"wp","href":"https:\/\/api.w.org\/{rel}","templated":true}]}}