{"id":9686,"date":"2024-08-05T06:37:39","date_gmt":"2024-08-05T06:37:39","guid":{"rendered":"https:\/\/gugadzina.rs\/?post_type=product&#038;p=9686"},"modified":"2025-07-21T10:59:33","modified_gmt":"2025-07-21T10:59:33","slug":"kombinezon-za-kupanje-kit","status":"publish","type":"product","link":"https:\/\/gugadzina.rs\/en\/prodavnica\/decaci\/donji-deo-decaci\/kombinezon-za-kupanje-kit\/","title":{"rendered":"Kombinezon za kupanje Kit"},"content":{"rendered":"<p>Kombinezon za kupanje\u00a0Kit<\/p>\n<p>Materijal 85% poliamid 15% elastin<\/p>\n<p>Gusta likra kroz koju va\u0161a ko\u017ea ne\u0107e izgoreti.<\/p>\n<p>Jednodelni komplet.<\/p>\n<p>Zip se otkop\u010dava celom du\u017einom radi lak\u0161eg skidanja i obla\u010denja.<\/p>\n<p>Ovaj proizvod pravimo tek kada ga poru\u010di\u0161, pa je rok isporuke 5-7 radnih dana.<\/p>\n","protected":false},"excerpt":{"rendered":"<p>Kombinezon za kupanje\u00a0Kit Materijal 85% poliamid 15% elastin Gusta likra kroz koju va\u0161a ko\u017ea ne\u0107e izgoreti. Jednodelni komplet. Zip se otkop\u010dava celom du\u017einom radi lak\u0161eg skidanja i obla\u010denja. Ovaj proizvod pravimo tek kada ga poru\u010di\u0161, pa je rok isporuke 5-7 radnih dana.<\/p>\n","protected":false},"featured_media":9776,"comment_status":"closed","ping_status":"closed","template":"","meta":[],"product_brand":[],"product_cat":[19,20,69,27,58,23,292],"product_tag":[139,140,119,141,142],"class_list":{"0":"post-9686","1":"product","2":"type-product","3":"status-publish","4":"has-post-thumbnail","6":"product_cat-decaci","7":"product_cat-devojcice","8":"product_cat-donji-deo-decaci","9":"product_cat-donji-deo-devojcice","10":"product_cat-gornji-deo-decaci","11":"product_cat-gornji-deo-devojcice","12":"product_cat-snizenje","13":"product_tag-ajkula","14":"product_tag-kit","15":"product_tag-kombinezon","16":"product_tag-kupanje","17":"product_tag-uv","19":"first","20":"instock","21":"sale","22":"shipping-taxable","23":"purchasable","24":"product-type-variable","25":"wvs-archive-product-wrapper"},"_links":{"self":[{"href":"https:\/\/gugadzina.rs\/en\/wp-json\/wp\/v2\/product\/9686","targetHints":{"allow":["GET"]}}],"collection":[{"href":"https:\/\/gugadzina.rs\/en\/wp-json\/wp\/v2\/product"}],"about":[{"href":"https:\/\/gugadzina.rs\/en\/wp-json\/wp\/v2\/types\/product"}],"replies":[{"embeddable":true,"href":"https:\/\/gugadzina.rs\/en\/wp-json\/wp\/v2\/comments?post=9686"}],"wp:featuredmedia":[{"embeddable":true,"href":"https:\/\/gugadzina.rs\/en\/wp-json\/wp\/v2\/media\/9776"}],"wp:attachment":[{"href":"https:\/\/gugadzina.rs\/en\/wp-json\/wp\/v2\/media?parent=9686"}],"wp:term":[{"taxonomy":"product_brand","embeddable":true,"href":"https:\/\/gugadzina.rs\/en\/wp-json\/wp\/v2\/product_brand?post=9686"},{"taxonomy":"product_cat","embeddable":true,"href":"https:\/\/gugadzina.rs\/en\/wp-json\/wp\/v2\/product_cat?post=9686"},{"taxonomy":"product_tag","embeddable":true,"href":"https:\/\/gugadzina.rs\/en\/wp-json\/wp\/v2\/product_tag?post=9686"}],"curies":[{"name":"wp","href":"https:\/\/api.w.org\/{rel}","templated":true}]}}