{"id":9894,"date":"2024-08-05T06:39:24","date_gmt":"2024-08-05T06:39:24","guid":{"rendered":"https:\/\/gugadzina.rs\/?post_type=product&#038;p=9894"},"modified":"2025-07-21T10:59:25","modified_gmt":"2025-07-21T10:59:25","slug":"kupaci-kostim-narval","status":"publish","type":"product","link":"https:\/\/gugadzina.rs\/en\/prodavnica\/devojcice\/donji-deo-devojcice\/kupaci-kostim-narval\/","title":{"rendered":"Kupa\u0107i kostim Narval"},"content":{"rendered":"<p>Kupa\u0107i kostim sa dugim rukavima Narval<\/p>\n<p>Materijal 85% poliamid 15% elastin<\/p>\n<p>Gusta likra kroz koju va\u0161a ko\u017ea ne\u0107e izgoreti.<\/p>\n<p>&nbsp;<\/p>\n<p>&nbsp;<\/p>\n","protected":false},"excerpt":{"rendered":"<p>Kupa\u0107i kostim sa dugim rukavima Narval Materijal 85% poliamid 15% elastin Gusta likra kroz koju va\u0161a ko\u017ea ne\u0107e izgoreti. &nbsp; &nbsp;<\/p>\n","protected":false},"featured_media":9924,"comment_status":"closed","ping_status":"closed","template":"","meta":[],"product_brand":[],"product_cat":[20,27,23,292],"product_tag":[],"class_list":{"0":"post-9894","1":"product","2":"type-product","3":"status-publish","4":"has-post-thumbnail","6":"product_cat-devojcice","7":"product_cat-donji-deo-devojcice","8":"product_cat-gornji-deo-devojcice","9":"product_cat-snizenje","11":"first","12":"instock","13":"sale","14":"shipping-taxable","15":"purchasable","16":"product-type-variable","17":"wvs-archive-product-wrapper"},"_links":{"self":[{"href":"https:\/\/gugadzina.rs\/en\/wp-json\/wp\/v2\/product\/9894","targetHints":{"allow":["GET"]}}],"collection":[{"href":"https:\/\/gugadzina.rs\/en\/wp-json\/wp\/v2\/product"}],"about":[{"href":"https:\/\/gugadzina.rs\/en\/wp-json\/wp\/v2\/types\/product"}],"replies":[{"embeddable":true,"href":"https:\/\/gugadzina.rs\/en\/wp-json\/wp\/v2\/comments?post=9894"}],"wp:featuredmedia":[{"embeddable":true,"href":"https:\/\/gugadzina.rs\/en\/wp-json\/wp\/v2\/media\/9924"}],"wp:attachment":[{"href":"https:\/\/gugadzina.rs\/en\/wp-json\/wp\/v2\/media?parent=9894"}],"wp:term":[{"taxonomy":"product_brand","embeddable":true,"href":"https:\/\/gugadzina.rs\/en\/wp-json\/wp\/v2\/product_brand?post=9894"},{"taxonomy":"product_cat","embeddable":true,"href":"https:\/\/gugadzina.rs\/en\/wp-json\/wp\/v2\/product_cat?post=9894"},{"taxonomy":"product_tag","embeddable":true,"href":"https:\/\/gugadzina.rs\/en\/wp-json\/wp\/v2\/product_tag?post=9894"}],"curies":[{"name":"wp","href":"https:\/\/api.w.org\/{rel}","templated":true}]}}